{"id":4120,"date":"2021-05-02T13:13:40","date_gmt":"2021-05-02T10:13:40","guid":{"rendered":"https:\/\/learneco.co\/odeme\/?page_id=4120"},"modified":"2021-07-08T18:32:39","modified_gmt":"2021-07-08T15:32:39","slug":"4120-2","status":"publish","type":"page","link":"https:\/\/learneco.co\/odeme\/index.php\/4120-2\/","title":{"rendered":"E\u011fitmen Ol"},"content":{"rendered":"\t\t<div data-elementor-type=\"wp-page\" data-elementor-id=\"4120\" class=\"elementor elementor-4120\" data-elementor-settings=\"[]\">\n\t\t\t\t\t\t\t<div class=\"elementor-section-wrap\">\n\t\t\t\t\t\t\t<section class=\"elementor-section elementor-top-section elementor-element elementor-element-310a2e5 elementor-section-boxed elementor-section-height-default elementor-section-height-default\" data-id=\"310a2e5\" data-element_type=\"section\">\n\t\t\t\t\t\t<div class=\"elementor-container elementor-column-gap-default\">\n\t\t\t\t\t<div class=\"elementor-column elementor-col-100 elementor-top-column elementor-element elementor-element-6ed8496\" data-id=\"6ed8496\" data-element_type=\"column\">\n\t\t\t<div class=\"elementor-widget-wrap elementor-element-populated\">\n\t\t\t\t\t\t\t\t<div class=\"elementor-element elementor-element-fca4374 elementor-widget elementor-widget-spacer\" data-id=\"fca4374\" data-element_type=\"widget\" data-widget_type=\"spacer.default\">\n\t\t\t\t<div class=\"elementor-widget-container\">\n\t\t\t\t\t<div class=\"elementor-spacer\">\n\t\t\t<div class=\"elementor-spacer-inner\"><\/div>\n\t\t<\/div>\n\t\t\t\t<\/div>\n\t\t\t\t<\/div>\n\t\t\t\t\t<\/div>\n\t\t<\/div>\n\t\t\t\t\t\t\t<\/div>\n\t\t<\/section>\n\t\t\t\t<section class=\"elementor-section elementor-top-section elementor-element elementor-element-9998eb0 elementor-section-boxed elementor-section-height-default elementor-section-height-default\" data-id=\"9998eb0\" data-element_type=\"section\">\n\t\t\t\t\t\t<div class=\"elementor-container elementor-column-gap-default\">\n\t\t\t\t\t<div class=\"elementor-column elementor-col-100 elementor-top-column elementor-element elementor-element-797f267f\" data-id=\"797f267f\" data-element_type=\"column\">\n\t\t\t<div class=\"elementor-widget-wrap elementor-element-populated\">\n\t\t\t\t\t\t\t\t<div class=\"elementor-element elementor-element-4d4d9d7 elementor-widget elementor-widget-text-editor\" data-id=\"4d4d9d7\" data-element_type=\"widget\" data-widget_type=\"text-editor.default\">\n\t\t\t\t<div class=\"elementor-widget-container\">\n\t\t\t\t\t\t\t\t<!-- wp:paragraph -->\n<div class=\"wpforms-container wpforms-container-full\" id=\"wpforms-4119\"><form id=\"wpforms-form-4119\" class=\"wpforms-validate wpforms-form\" data-formid=\"4119\" method=\"post\" enctype=\"multipart\/form-data\" action=\"\/odeme\/index.php\/wp-json\/wp\/v2\/pages\/4120?wpforms_form_id=4119\" data-token=\"2bb94a39e144a280b141a6b7de725a6e\"><noscript class=\"wpforms-error-noscript\">Bu formu bitirebilmek i\u00e7in taray\u0131c\u0131n\u0131zda JavaScript&#039;i etkinle\u015ftirin.<\/noscript><div class=\"wpforms-page-indicator circles\" data-indicator=\"circles\" data-indicator-color=\"#72b239\" data-scroll=\"1\"><div class=\"wpforms-page-indicator-page active wpforms-page-indicator-page-1\"><span class=\"wpforms-page-indicator-page-number\" style=\"background-color:#72b239\">1<\/span><span class=\"wpforms-page-indicator-page-title\">Ki\u015fisel Bilgiler<span><\/div><div class=\"wpforms-page-indicator-page  wpforms-page-indicator-page-2\"><span class=\"wpforms-page-indicator-page-number\" >2<\/span><span class=\"wpforms-page-indicator-page-title\">E\u011fitmen Bilgileri<span><\/div><\/div><div class=\"wpforms-field-container\"><div class=\"wpforms-page wpforms-page-1 \"><div id=\"wpforms-4119-field_14-container\" class=\"wpforms-field wpforms-field-pagebreak\" data-field-id=\"14\"><\/div><div id=\"wpforms-4119-field_1-container\" class=\"wpforms-field wpforms-field-text\" data-field-id=\"1\"><label class=\"wpforms-field-label\" for=\"wpforms-4119-field_1\">Ad\u0131n\u0131z ve Soyad\u0131n\u0131z <span class=\"wpforms-required-label\">*<\/span><\/label><input type=\"text\" id=\"wpforms-4119-field_1\" class=\"wpforms-field-large wpforms-field-required\" name=\"wpforms[fields][1]\" required><\/div><div id=\"wpforms-4119-field_4-container\" class=\"wpforms-field wpforms-field-phone wpforms-one-half wpforms-first\" data-field-id=\"4\"><label class=\"wpforms-field-label\" for=\"wpforms-4119-field_4\">Telefon Numaran\u0131z <span class=\"wpforms-required-label\">*<\/span><\/label><input type=\"tel\" id=\"wpforms-4119-field_4\" class=\"wpforms-field-large wpforms-field-required wpforms-smart-phone-field\" data-rule-smart-phone-field=\"true\" name=\"wpforms[fields][4]\" required><\/div><div id=\"wpforms-4119-field_5-container\" class=\"wpforms-field wpforms-field-email wpforms-one-half\" data-field-id=\"5\"><label class=\"wpforms-field-label\" for=\"wpforms-4119-field_5\">E-Posta Adresiniz <span class=\"wpforms-required-label\">*<\/span><\/label><input type=\"email\" id=\"wpforms-4119-field_5\" class=\"wpforms-field-large wpforms-field-required\" name=\"wpforms[fields][5]\" required><\/div><div id=\"wpforms-4119-field_6-container\" class=\"wpforms-field wpforms-field-text\" data-field-id=\"6\"><label class=\"wpforms-field-label\" for=\"wpforms-4119-field_6\">Linkedin Adresiniz<\/label><input type=\"text\" id=\"wpforms-4119-field_6\" class=\"wpforms-field-large\" name=\"wpforms[fields][6]\" ><\/div><div id=\"wpforms-4119-field_7-container\" class=\"wpforms-field wpforms-field-text\" data-field-id=\"7\"><label class=\"wpforms-field-label\" for=\"wpforms-4119-field_7\">Instagram Adresiniz<\/label><input type=\"text\" id=\"wpforms-4119-field_7\" class=\"wpforms-field-large\" name=\"wpforms[fields][7]\" ><\/div><div id=\"wpforms-4119-field_13-container\" class=\"wpforms-field wpforms-field-pagebreak\" data-field-id=\"13\"><div class=\"wpforms-clear wpforms-pagebreak-left\"><button class=\"wpforms-page-button wpforms-page-next\" data-action=\"next\" data-page=\"1\" data-formid=\"4119\" disabled>Sonraki<\/button><\/div><\/div><\/div><div class=\"wpforms-page wpforms-page-2 last \" style=\"display:none;\"><div id=\"wpforms-4119-field_9-container\" class=\"wpforms-field wpforms-field-text\" data-field-id=\"9\"><label class=\"wpforms-field-label\" for=\"wpforms-4119-field_9\">Unvan\u0131n\u0131z <span class=\"wpforms-required-label\">*<\/span><\/label><input type=\"text\" id=\"wpforms-4119-field_9\" class=\"wpforms-field-large wpforms-field-required\" name=\"wpforms[fields][9]\" placeholder=\"E\u011fitmen, Dan\u0131\u015fman, Psikolojik Dan\u0131\u015fman ve Rehber \u00d6\u011fretmen, \u00dcniversite S\u0131nav\u0131 ve Liselere Giri\u015f S\u0131nav\u0131 konusunda \u00d6\u011frenci Ko\u00e7lu\u011fu vb. \" required><\/div><div id=\"wpforms-4119-field_10-container\" class=\"wpforms-field wpforms-field-text\" data-field-id=\"10\"><label class=\"wpforms-field-label\" for=\"wpforms-4119-field_10\">\u00c7al\u0131\u015fma Alanlar\u0131n\u0131z <span class=\"wpforms-required-label\">*<\/span><\/label><input type=\"text\" id=\"wpforms-4119-field_10\" class=\"wpforms-field-large wpforms-field-required\" name=\"wpforms[fields][10]\" required><\/div><div id=\"wpforms-4119-field_11-container\" class=\"wpforms-field wpforms-field-file-upload\" data-field-id=\"11\"><label class=\"wpforms-field-label\" for=\"wpforms-4119-field_11\">CV Dosyas\u0131 Ekle <span class=\"wpforms-required-label\">*<\/span><\/label><div class=\"wpforms-uploader\"\n\tdata-field-id=\"11\"\n\tdata-form-id=\"4119\"\n\tdata-input-name=\"wpforms_4119_11\"\n\tdata-extensions=\"pdf,docx,jpg,png\"\n\tdata-max-size=\"2097152\"\n\tdata-max-file-number=\"1\"\n\tdata-post-max-size=\"31457280\"\n    data-max-parallel-uploads=\"4\"\n    data-parallel-uploads=\"true\"\n\tdata-file-chunk-size=\"2097152\">\n\t<div class=\"dz-message\">\n\t\t<svg viewBox=\"0 0 1024 1024\" focusable=\"false\" class=\"\" data-icon=\"inbox\" width=\"50px\" height=\"50px\" fill=\"#B1B1B1\" aria-hidden=\"true\"><path d=\"M885.2 446.3l-.2-.8-112.2-285.1c-5-16.1-19.9-27.2-36.8-27.2H281.2c-17 0-32.1 11.3-36.9 27.6L139.4 443l-.3.7-.2.8c-1.3 4.9-1.7 9.9-1 14.8-.1 1.6-.2 3.2-.2 4.8V830a60.9 60.9 0 0 0 60.8 60.8h627.2c33.5 0 60.8-27.3 60.9-60.8V464.1c0-1.3 0-2.6-.1-3.7.4-4.9 0-9.6-1.3-14.1zm-295.8-43l-.3 15.7c-.8 44.9-31.8 75.1-77.1 75.1-22.1 0-41.1-7.1-54.8-20.6S436 441.2 435.6 419l-.3-15.7H229.5L309 210h399.2l81.7 193.3H589.4zm-375 76.8h157.3c24.3 57.1 76 90.8 140.4 90.8 33.7 0 65-9.4 90.3-27.2 22.2-15.6 39.5-37.4 50.7-63.6h156.5V814H214.4V480.1z\"><\/path><\/svg>\n\t\t<span class=\"modern-title\">\n\t\t\tClick or drag a file to this area to upload.\t\t<\/span>\n\n\t\t\t<\/div>\n<\/div>\n<input type=\"text\" class=\"dropzone-input\"\n\tstyle=\"position:absolute!important;clip:rect(0,0,0,0)!important;height:1px!important;width:1px!important;border:0!important;overflow:hidden!important;padding:0!important;margin:0!important;\"\n\tid=\"wpforms-4119-field_11\"\n\tname=\"wpforms_4119_11\" required>\n<div class=\"wpforms-field-description\">PDF, JPG, PNG veya DOCX format\u0131nda ve maksimum 2 MB boyutunda olmal\u0131d\u0131r.<\/div><\/div><div id=\"wpforms-4119-field_12-container\" class=\"wpforms-field wpforms-field-checkbox\" data-field-id=\"12\"><ul id=\"wpforms-4119-field_12\" class=\"wpforms-field-required\"><li class=\"choice-1 depth-1\"><input type=\"checkbox\" id=\"wpforms-4119-field_12_1\" name=\"wpforms[fields][12][]\" value=\"E\u011fitmen aday\u0131 olarak &lt;a href=&quot;https:\/\/learneco.co\/yonderlik-basvuru-sozlesmesi\/&quot; target=&quot;_blank&quot;&gt;E\u011e\u0130TMEN BA\u015eVURU S\u00d6ZLE\u015eMES\u0130N\u0130&lt;\/a&gt; okudum ve kabul ediyorum. \" required ><label class=\"wpforms-field-label-inline\" for=\"wpforms-4119-field_12_1\">E\u011fitmen aday\u0131 olarak <a href=\"https:\/\/learneco.co\/yonderlik-basvuru-sozlesmesi\/\" target=\"_blank\">E\u011e\u0130TMEN BA\u015eVURU S\u00d6ZLE\u015eMES\u0130N\u0130<\/a> okudum ve kabul ediyorum. <\/label><\/li><\/ul><\/div><div id=\"wpforms-4119-field_15-container\" class=\"wpforms-field wpforms-field-pagebreak\" data-field-id=\"15\"><div class=\"wpforms-clear wpforms-pagebreak-left\"><\/div><\/div><\/div><\/div><div class=\"wpforms-submit-container\" style=\"display:none;\"><input type=\"hidden\" name=\"wpforms[id]\" value=\"4119\"><input type=\"hidden\" name=\"wpforms[author]\" value=\"1\"><button type=\"submit\" name=\"wpforms[submit]\" class=\"wpforms-submit \" id=\"wpforms-submit-4119\" value=\"wpforms-submit\" aria-live=\"assertive\" data-alt-text=\"L\u00fctfen bekleyiniz...\" data-submit-text=\"Ba\u015fvuruyu Tamamla\">Ba\u015fvuruyu Tamamla<\/button><\/div><\/form><\/div>  <!-- .wpforms-container -->\n<!-- \/wp:paragraph -->\t\t\t\t\t\t<\/div>\n\t\t\t\t<\/div>\n\t\t\t\t\t<\/div>\n\t\t<\/div>\n\t\t\t\t\t\t\t<\/div>\n\t\t<\/section>\n\t\t\t\t\t\t<\/div>\n\t\t\t\t\t<\/div>\n\t\t","protected":false},"excerpt":{"rendered":"","protected":false},"author":1,"featured_media":0,"parent":0,"menu_order":0,"comment_status":"closed","ping_status":"closed","template":"elementor_canvas","meta":{"footnotes":""},"class_list":["post-4120","page","type-page","status-publish","hentry"],"_links":{"self":[{"href":"https:\/\/learneco.co\/odeme\/index.php\/wp-json\/wp\/v2\/pages\/4120","targetHints":{"allow":["GET"]}}],"collection":[{"href":"https:\/\/learneco.co\/odeme\/index.php\/wp-json\/wp\/v2\/pages"}],"about":[{"href":"https:\/\/learneco.co\/odeme\/index.php\/wp-json\/wp\/v2\/types\/page"}],"author":[{"embeddable":true,"href":"https:\/\/learneco.co\/odeme\/index.php\/wp-json\/wp\/v2\/users\/1"}],"replies":[{"embeddable":true,"href":"https:\/\/learneco.co\/odeme\/index.php\/wp-json\/wp\/v2\/comments?post=4120"}],"version-history":[{"count":14,"href":"https:\/\/learneco.co\/odeme\/index.php\/wp-json\/wp\/v2\/pages\/4120\/revisions"}],"predecessor-version":[{"id":4697,"href":"https:\/\/learneco.co\/odeme\/index.php\/wp-json\/wp\/v2\/pages\/4120\/revisions\/4697"}],"wp:attachment":[{"href":"https:\/\/learneco.co\/odeme\/index.php\/wp-json\/wp\/v2\/media?parent=4120"}],"curies":[{"name":"wp","href":"https:\/\/api.w.org\/{rel}","templated":true}]}}