{"id":4543,"date":"2021-06-05T00:36:24","date_gmt":"2021-06-04T21:36:24","guid":{"rendered":"https:\/\/learneco.co\/odeme\/?page_id=4543"},"modified":"2021-06-05T12:20:50","modified_gmt":"2021-06-05T09:20:50","slug":"kurumsal","status":"publish","type":"page","link":"https:\/\/learneco.co\/odeme\/index.php\/kurumsal\/","title":{"rendered":"Kurumsal"},"content":{"rendered":"\t\t<div data-elementor-type=\"wp-page\" data-elementor-id=\"4543\" class=\"elementor elementor-4543\" data-elementor-settings=\"[]\">\n\t\t\t\t\t\t\t<div class=\"elementor-section-wrap\">\n\t\t\t\t\t\t\t<section class=\"elementor-section elementor-top-section elementor-element elementor-element-25c3c0e elementor-section-full_width elementor-section-height-default elementor-section-height-default\" data-id=\"25c3c0e\" data-element_type=\"section\">\n\t\t\t\t\t\t<div class=\"elementor-container elementor-column-gap-default\">\n\t\t\t\t\t<div class=\"elementor-column elementor-col-100 elementor-top-column elementor-element elementor-element-d995c36\" data-id=\"d995c36\" data-element_type=\"column\">\n\t\t\t<div class=\"elementor-widget-wrap elementor-element-populated\">\n\t\t\t\t\t\t\t\t<div class=\"elementor-element elementor-element-bedb388 elementor-tabs-alignment-stretch elementor-tabs-view-horizontal elementor-widget elementor-widget-tabs\" data-id=\"bedb388\" data-element_type=\"widget\" data-widget_type=\"tabs.default\">\n\t\t\t\t<div class=\"elementor-widget-container\">\n\t\t\t\t\t<div class=\"elementor-tabs\">\n\t\t\t<div class=\"elementor-tabs-wrapper\" role=\"tablist\" >\n\t\t\t\t\t\t\t\t\t<div id=\"elementor-tab-title-2001\" class=\"elementor-tab-title elementor-tab-desktop-title\" aria-selected=\"true\" data-tab=\"1\" role=\"tab\" tabindex=\"0\" aria-controls=\"elementor-tab-content-2001\" aria-expanded=\"false\">Kurumunuz i\u00e7in<\/div>\n\t\t\t\t\t\t\t\t\t<div id=\"elementor-tab-title-2002\" class=\"elementor-tab-title elementor-tab-desktop-title\" aria-selected=\"false\" data-tab=\"2\" role=\"tab\" tabindex=\"-1\" aria-controls=\"elementor-tab-content-2002\" aria-expanded=\"false\">Sivil toplum kurulu\u015funuz ve\/veya derne\u011finiz i\u00e7in<\/div>\n\t\t\t\t\t\t\t\t\t<div id=\"elementor-tab-title-2003\" class=\"elementor-tab-title elementor-tab-desktop-title\" aria-selected=\"false\" data-tab=\"3\" role=\"tab\" tabindex=\"-1\" aria-controls=\"elementor-tab-content-2003\" aria-expanded=\"false\">\u00d6\u011frenci organizasyonunuz i\u00e7in<\/div>\n\t\t\t\t\t\t\t<\/div>\n\t\t\t<div class=\"elementor-tabs-content-wrapper\" role=\"tablist\" aria-orientation=\"vertical\">\n\t\t\t\t\t\t\t\t\t<div class=\"elementor-tab-title elementor-tab-mobile-title\" aria-selected=\"true\" data-tab=\"1\" role=\"tab\" tabindex=\"0\" aria-controls=\"elementor-tab-content-2001\" aria-expanded=\"false\">Kurumunuz i\u00e7in<\/div>\n\t\t\t\t\t<div id=\"elementor-tab-content-2001\" class=\"elementor-tab-content elementor-clearfix\" data-tab=\"1\" role=\"tabpanel\" aria-labelledby=\"elementor-tab-title-2001\" tabindex=\"0\" hidden=\"false\"><div class=\"wpforms-container wpforms-container-full\" id=\"wpforms-4563\"><form id=\"wpforms-form-4563\" class=\"wpforms-validate wpforms-form\" data-formid=\"4563\" method=\"post\" enctype=\"multipart\/form-data\" action=\"\/odeme\/index.php\/wp-json\/wp\/v2\/pages\/4543\" data-token=\"a5fdb4475ad076afe6656ccd4800ebc2\"><noscript class=\"wpforms-error-noscript\">Bu formu bitirebilmek i\u00e7in taray\u0131c\u0131n\u0131zda JavaScript&#039;i etkinle\u015ftirin.<\/noscript><div class=\"wpforms-field-container\"><div id=\"wpforms-4563-field_1-container\" class=\"wpforms-field wpforms-field-text wpforms-one-half wpforms-first\" data-field-id=\"1\"><label class=\"wpforms-field-label\" for=\"wpforms-4563-field_1\">Kurumunuzun \u0130smi <span class=\"wpforms-required-label\">*<\/span><\/label><input type=\"text\" id=\"wpforms-4563-field_1\" class=\"wpforms-field-large wpforms-field-required\" name=\"wpforms[fields][1]\" required><\/div><div id=\"wpforms-4563-field_2-container\" class=\"wpforms-field wpforms-field-email wpforms-one-half\" data-field-id=\"2\"><label class=\"wpforms-field-label\" for=\"wpforms-4563-field_2\">Kurumunuzun Resmi Mail Adresi <span class=\"wpforms-required-label\">*<\/span><\/label><input type=\"email\" id=\"wpforms-4563-field_2\" class=\"wpforms-field-large wpforms-field-required\" name=\"wpforms[fields][2]\" required><\/div><div id=\"wpforms-4563-field_9-container\" class=\"wpforms-field wpforms-field-phone wpforms-one-half wpforms-first\" data-field-id=\"9\"><label class=\"wpforms-field-label\" for=\"wpforms-4563-field_9\">Kurumunuzun Resmi Telefon Numaras\u0131 <span class=\"wpforms-required-label\">*<\/span><\/label><input type=\"tel\" id=\"wpforms-4563-field_9\" class=\"wpforms-field-large wpforms-field-required wpforms-smart-phone-field\" data-rule-smart-phone-field=\"true\" name=\"wpforms[fields][9]\" required><\/div><div id=\"wpforms-4563-field_3-container\" class=\"wpforms-field wpforms-field-text wpforms-one-half\" data-field-id=\"3\"><label class=\"wpforms-field-label\" for=\"wpforms-4563-field_3\">Kurum Yetkilisi <span class=\"wpforms-required-label\">*<\/span><\/label><input type=\"text\" id=\"wpforms-4563-field_3\" class=\"wpforms-field-large wpforms-field-required\" name=\"wpforms[fields][3]\" required><\/div><div id=\"wpforms-4563-field_4-container\" class=\"wpforms-field wpforms-field-phone wpforms-one-half wpforms-first\" data-field-id=\"4\"><label class=\"wpforms-field-label\" for=\"wpforms-4563-field_4\">Kurum Yetkilisinin Telefon Numaras\u0131 <span class=\"wpforms-required-label\">*<\/span><\/label><input type=\"tel\" id=\"wpforms-4563-field_4\" class=\"wpforms-field-large wpforms-field-required wpforms-smart-phone-field\" data-rule-smart-phone-field=\"true\" name=\"wpforms[fields][4]\" required><\/div><div id=\"wpforms-4563-field_5-container\" class=\"wpforms-field wpforms-field-text wpforms-one-half\" data-field-id=\"5\"><label class=\"wpforms-field-label\" for=\"wpforms-4563-field_5\">Talep Etmi\u015f Oldu\u011funuz E\u011fitim <span class=\"wpforms-required-label\">*<\/span><\/label><input type=\"text\" id=\"wpforms-4563-field_5\" class=\"wpforms-field-large wpforms-field-required\" name=\"wpforms[fields][5]\" required><\/div><div id=\"wpforms-4563-field_6-container\" class=\"wpforms-field wpforms-field-text wpforms-one-half wpforms-first\" data-field-id=\"6\"><label class=\"wpforms-field-label\" for=\"wpforms-4563-field_6\">E\u011fitime Kat\u0131lacak Hedef Kitle <span class=\"wpforms-required-label\">*<\/span><\/label><input type=\"text\" id=\"wpforms-4563-field_6\" class=\"wpforms-field-large wpforms-field-required\" name=\"wpforms[fields][6]\" required><\/div><div id=\"wpforms-4563-field_7-container\" class=\"wpforms-field wpforms-field-text wpforms-one-half\" data-field-id=\"7\"><label class=\"wpforms-field-label\" for=\"wpforms-4563-field_7\">\u0130lgili E\u011fitimi Talep Etti\u011finiz Tarih ve Saat <span class=\"wpforms-required-label\">*<\/span><\/label><input type=\"text\" id=\"wpforms-4563-field_7\" class=\"wpforms-field-large wpforms-field-required\" name=\"wpforms[fields][7]\" required><\/div><div id=\"wpforms-4563-field_10-container\" class=\"wpforms-field wpforms-field-textarea\" data-field-id=\"10\"><label class=\"wpforms-field-label\" for=\"wpforms-4563-field_10\">E\u011fitimle \u0130lgili Eklemek \u0130stedikleriniz<\/label><textarea id=\"wpforms-4563-field_10\" class=\"wpforms-field-medium\" name=\"wpforms[fields][10]\" ><\/textarea><\/div><\/div><div class=\"wpforms-submit-container\" ><input type=\"hidden\" name=\"wpforms[id]\" value=\"4563\"><input type=\"hidden\" name=\"wpforms[author]\" value=\"1\"><button type=\"submit\" name=\"wpforms[submit]\" class=\"wpforms-submit \" id=\"wpforms-submit-4563\" value=\"wpforms-submit\" aria-live=\"assertive\" data-alt-text=\"G\u00f6nderiliyor...\" data-submit-text=\"G\u00f6nder\">G\u00f6nder<\/button><\/div><\/form><\/div>  <!-- .wpforms-container --><\/div>\n\t\t\t\t\t\t\t\t\t<div class=\"elementor-tab-title elementor-tab-mobile-title\" aria-selected=\"false\" data-tab=\"2\" role=\"tab\" tabindex=\"-1\" aria-controls=\"elementor-tab-content-2002\" aria-expanded=\"false\">Sivil toplum kurulu\u015funuz ve\/veya derne\u011finiz i\u00e7in<\/div>\n\t\t\t\t\t<div id=\"elementor-tab-content-2002\" class=\"elementor-tab-content elementor-clearfix\" data-tab=\"2\" role=\"tabpanel\" aria-labelledby=\"elementor-tab-title-2002\" tabindex=\"0\" hidden=\"hidden\"><div class=\"wpforms-container wpforms-container-full\" id=\"wpforms-4582\"><form id=\"wpforms-form-4582\" class=\"wpforms-validate wpforms-form\" data-formid=\"4582\" method=\"post\" enctype=\"multipart\/form-data\" action=\"\/odeme\/index.php\/wp-json\/wp\/v2\/pages\/4543\" data-token=\"a5fdb4475ad076afe6656ccd4800ebc2\"><noscript class=\"wpforms-error-noscript\">Bu formu bitirebilmek i\u00e7in taray\u0131c\u0131n\u0131zda JavaScript&#039;i etkinle\u015ftirin.<\/noscript><div class=\"wpforms-field-container\"><div id=\"wpforms-4582-field_1-container\" class=\"wpforms-field wpforms-field-text wpforms-one-half wpforms-first\" data-field-id=\"1\"><label class=\"wpforms-field-label\" for=\"wpforms-4582-field_1\">STK \/ Dernek \u0130smi <span class=\"wpforms-required-label\">*<\/span><\/label><input type=\"text\" id=\"wpforms-4582-field_1\" class=\"wpforms-field-large wpforms-field-required\" name=\"wpforms[fields][1]\" required><\/div><div id=\"wpforms-4582-field_2-container\" class=\"wpforms-field wpforms-field-email wpforms-one-half\" data-field-id=\"2\"><label class=\"wpforms-field-label\" for=\"wpforms-4582-field_2\">STK \/ Dernek Resmi Mail Adresi <span class=\"wpforms-required-label\">*<\/span><\/label><input type=\"email\" id=\"wpforms-4582-field_2\" class=\"wpforms-field-large wpforms-field-required\" name=\"wpforms[fields][2]\" required><\/div><div id=\"wpforms-4582-field_9-container\" class=\"wpforms-field wpforms-field-phone wpforms-one-half wpforms-first\" data-field-id=\"9\"><label class=\"wpforms-field-label\" for=\"wpforms-4582-field_9\">STK \/ Dernek Resmi Telefon Numaras\u0131 <span class=\"wpforms-required-label\">*<\/span><\/label><input type=\"tel\" id=\"wpforms-4582-field_9\" class=\"wpforms-field-large wpforms-field-required wpforms-smart-phone-field\" data-rule-smart-phone-field=\"true\" name=\"wpforms[fields][9]\" required><\/div><div id=\"wpforms-4582-field_3-container\" class=\"wpforms-field wpforms-field-text wpforms-one-half\" data-field-id=\"3\"><label class=\"wpforms-field-label\" for=\"wpforms-4582-field_3\">STK \/ Dernek Yetkilisi <span class=\"wpforms-required-label\">*<\/span><\/label><input type=\"text\" id=\"wpforms-4582-field_3\" class=\"wpforms-field-large wpforms-field-required\" name=\"wpforms[fields][3]\" required><\/div><div id=\"wpforms-4582-field_4-container\" class=\"wpforms-field wpforms-field-phone wpforms-one-half wpforms-first\" data-field-id=\"4\"><label class=\"wpforms-field-label\" for=\"wpforms-4582-field_4\">STK \/ Dernek Yetkilisinin Telefon Numaras\u0131 <span class=\"wpforms-required-label\">*<\/span><\/label><input type=\"tel\" id=\"wpforms-4582-field_4\" class=\"wpforms-field-large wpforms-field-required wpforms-smart-phone-field\" data-rule-smart-phone-field=\"true\" name=\"wpforms[fields][4]\" required><\/div><div id=\"wpforms-4582-field_5-container\" class=\"wpforms-field wpforms-field-text wpforms-one-half\" data-field-id=\"5\"><label class=\"wpforms-field-label\" for=\"wpforms-4582-field_5\">Talep Etmi\u015f Oldu\u011funuz E\u011fitim <span class=\"wpforms-required-label\">*<\/span><\/label><input type=\"text\" id=\"wpforms-4582-field_5\" class=\"wpforms-field-large wpforms-field-required\" name=\"wpforms[fields][5]\" required><\/div><div id=\"wpforms-4582-field_6-container\" class=\"wpforms-field wpforms-field-text wpforms-one-half wpforms-first\" data-field-id=\"6\"><label class=\"wpforms-field-label\" for=\"wpforms-4582-field_6\">E\u011fitime Kat\u0131lacak Hedef Kitle <span class=\"wpforms-required-label\">*<\/span><\/label><input type=\"text\" id=\"wpforms-4582-field_6\" class=\"wpforms-field-large wpforms-field-required\" name=\"wpforms[fields][6]\" required><\/div><div id=\"wpforms-4582-field_7-container\" class=\"wpforms-field wpforms-field-text wpforms-one-half\" data-field-id=\"7\"><label class=\"wpforms-field-label\" for=\"wpforms-4582-field_7\">\u0130lgili E\u011fitimi Talep Etti\u011finiz Tarih ve Saat <span class=\"wpforms-required-label\">*<\/span><\/label><input type=\"text\" id=\"wpforms-4582-field_7\" class=\"wpforms-field-large wpforms-field-required\" name=\"wpforms[fields][7]\" required><\/div><div id=\"wpforms-4582-field_10-container\" class=\"wpforms-field wpforms-field-textarea\" data-field-id=\"10\"><label class=\"wpforms-field-label\" for=\"wpforms-4582-field_10\">E\u011fitimle \u0130lgili Eklemek \u0130stedikleriniz<\/label><textarea id=\"wpforms-4582-field_10\" class=\"wpforms-field-medium\" name=\"wpforms[fields][10]\" ><\/textarea><\/div><\/div><div class=\"wpforms-submit-container\" ><input type=\"hidden\" name=\"wpforms[id]\" value=\"4582\"><input type=\"hidden\" name=\"wpforms[author]\" value=\"1\"><button type=\"submit\" name=\"wpforms[submit]\" class=\"wpforms-submit \" id=\"wpforms-submit-4582\" value=\"wpforms-submit\" aria-live=\"assertive\" data-alt-text=\"G\u00f6nderiliyor...\" data-submit-text=\"G\u00f6nder\">G\u00f6nder<\/button><\/div><\/form><\/div>  <!-- .wpforms-container --><\/div>\n\t\t\t\t\t\t\t\t\t<div class=\"elementor-tab-title elementor-tab-mobile-title\" aria-selected=\"false\" data-tab=\"3\" role=\"tab\" tabindex=\"-1\" aria-controls=\"elementor-tab-content-2003\" aria-expanded=\"false\">\u00d6\u011frenci organizasyonunuz i\u00e7in<\/div>\n\t\t\t\t\t<div id=\"elementor-tab-content-2003\" class=\"elementor-tab-content elementor-clearfix\" data-tab=\"3\" role=\"tabpanel\" aria-labelledby=\"elementor-tab-title-2003\" tabindex=\"0\" hidden=\"hidden\">\t<div class=\"wpforms-container wpforms-container-full\" id=\"wpforms-4571\"><form id=\"wpforms-form-4571\" class=\"wpforms-validate wpforms-form\" data-formid=\"4571\" method=\"post\" enctype=\"multipart\/form-data\" action=\"\/odeme\/index.php\/wp-json\/wp\/v2\/pages\/4543\" data-token=\"a5fdb4475ad076afe6656ccd4800ebc2\"><noscript class=\"wpforms-error-noscript\">Bu formu bitirebilmek i\u00e7in taray\u0131c\u0131n\u0131zda JavaScript&#039;i etkinle\u015ftirin.<\/noscript><div class=\"wpforms-field-container\"><div id=\"wpforms-4571-field_1-container\" class=\"wpforms-field wpforms-field-text wpforms-one-half wpforms-first\" data-field-id=\"1\"><label class=\"wpforms-field-label\" for=\"wpforms-4571-field_1\">Organizasyonunuz \u0130smi <span class=\"wpforms-required-label\">*<\/span><\/label><input type=\"text\" id=\"wpforms-4571-field_1\" class=\"wpforms-field-large wpforms-field-required\" name=\"wpforms[fields][1]\" required><\/div><div id=\"wpforms-4571-field_9-container\" class=\"wpforms-field wpforms-field-text wpforms-one-half\" data-field-id=\"9\"><label class=\"wpforms-field-label\" for=\"wpforms-4571-field_9\">Varsa Ba\u011fl\u0131 Oldu\u011fu \u00dcniversite<\/label><input type=\"text\" id=\"wpforms-4571-field_9\" class=\"wpforms-field-large\" name=\"wpforms[fields][9]\" ><\/div><div id=\"wpforms-4571-field_2-container\" class=\"wpforms-field wpforms-field-email wpforms-one-half wpforms-first\" data-field-id=\"2\"><label class=\"wpforms-field-label\" for=\"wpforms-4571-field_2\">Organizasyonunuz Resmi Mail Adresi <span class=\"wpforms-required-label\">*<\/span><\/label><input type=\"email\" id=\"wpforms-4571-field_2\" class=\"wpforms-field-large wpforms-field-required\" name=\"wpforms[fields][2]\" required><\/div><div id=\"wpforms-4571-field_3-container\" class=\"wpforms-field wpforms-field-text wpforms-one-half\" data-field-id=\"3\"><label class=\"wpforms-field-label\" for=\"wpforms-4571-field_3\">Organizasyonunuz Yetkilisi <span class=\"wpforms-required-label\">*<\/span><\/label><input type=\"text\" id=\"wpforms-4571-field_3\" class=\"wpforms-field-large wpforms-field-required\" name=\"wpforms[fields][3]\" required><\/div><div id=\"wpforms-4571-field_4-container\" class=\"wpforms-field wpforms-field-phone wpforms-one-half wpforms-first\" data-field-id=\"4\"><label class=\"wpforms-field-label\" for=\"wpforms-4571-field_4\">Organizasyon Yetkilisinin Telefon Numaras\u0131 <span class=\"wpforms-required-label\">*<\/span><\/label><input type=\"tel\" id=\"wpforms-4571-field_4\" class=\"wpforms-field-large wpforms-field-required wpforms-smart-phone-field\" data-rule-smart-phone-field=\"true\" name=\"wpforms[fields][4]\" required><\/div><div id=\"wpforms-4571-field_5-container\" class=\"wpforms-field wpforms-field-text wpforms-one-half\" data-field-id=\"5\"><label class=\"wpforms-field-label\" for=\"wpforms-4571-field_5\">Talep Etmi\u015f Oldu\u011funuz E\u011fitim <span class=\"wpforms-required-label\">*<\/span><\/label><input type=\"text\" id=\"wpforms-4571-field_5\" class=\"wpforms-field-large wpforms-field-required\" name=\"wpforms[fields][5]\" required><\/div><div id=\"wpforms-4571-field_6-container\" class=\"wpforms-field wpforms-field-text wpforms-one-half wpforms-first\" data-field-id=\"6\"><label class=\"wpforms-field-label\" for=\"wpforms-4571-field_6\">E\u011fitime Kat\u0131lacak Hedef Kitle <span class=\"wpforms-required-label\">*<\/span><\/label><input type=\"text\" id=\"wpforms-4571-field_6\" class=\"wpforms-field-large wpforms-field-required\" name=\"wpforms[fields][6]\" required><\/div><div id=\"wpforms-4571-field_7-container\" class=\"wpforms-field wpforms-field-text wpforms-one-half\" data-field-id=\"7\"><label class=\"wpforms-field-label\" for=\"wpforms-4571-field_7\">\u0130lgili E\u011fitimi Talep Etti\u011finiz Tarih ve Saat <span class=\"wpforms-required-label\">*<\/span><\/label><input type=\"text\" id=\"wpforms-4571-field_7\" class=\"wpforms-field-large wpforms-field-required\" name=\"wpforms[fields][7]\" required><\/div><div id=\"wpforms-4571-field_10-container\" class=\"wpforms-field wpforms-field-textarea\" data-field-id=\"10\"><label class=\"wpforms-field-label\" for=\"wpforms-4571-field_10\">E\u011fitimle \u0130lgili Eklemek \u0130stedikleriniz<\/label><textarea id=\"wpforms-4571-field_10\" class=\"wpforms-field-medium\" name=\"wpforms[fields][10]\" ><\/textarea><\/div><\/div><div class=\"wpforms-submit-container\" ><input type=\"hidden\" name=\"wpforms[id]\" value=\"4571\"><input type=\"hidden\" name=\"wpforms[author]\" value=\"1\"><button type=\"submit\" name=\"wpforms[submit]\" class=\"wpforms-submit \" id=\"wpforms-submit-4571\" value=\"wpforms-submit\" aria-live=\"assertive\" data-alt-text=\"G\u00f6nderiliyor...\" data-submit-text=\"G\u00f6nder\">G\u00f6nder<\/button><\/div><\/form><\/div>  <!-- .wpforms-container --><\/div>\n\t\t\t\t\t\t\t<\/div>\n\t\t<\/div>\n\t\t\t\t<\/div>\n\t\t\t\t<\/div>\n\t\t\t\t\t<\/div>\n\t\t<\/div>\n\t\t\t\t\t\t\t<\/div>\n\t\t<\/section>\n\t\t\t\t\t\t<\/div>\n\t\t\t\t\t<\/div>\n\t\t","protected":false},"excerpt":{"rendered":"<p>Kurumunuz i\u00e7in Sivil toplum kurulu\u015funuz ve\/veya derne\u011finiz i\u00e7in \u00d6\u011frenci organizasyonunuz i\u00e7in Kurumunuz i\u00e7in Please enable JavaScript in your browser to complete this form.Kurumunuzun \u0130smi *Kurumunuzun Resmi Mail Adresi *Kurumunuzun Resmi Telefon Numaras\u0131 *Kurum Yetkilisi *Kurum Yetkilisinin Telefon Numaras\u0131 *Talep Etmi\u015f Oldu\u011funuz E\u011fitim *E\u011fitime Kat\u0131lacak Hedef Kitle *\u0130lgili E\u011fitimi Talep Etti\u011finiz Tarih ve Saat *E\u011fitimle \u0130lgili &hellip; <br \/><a href=\"https:\/\/learneco.co\/odeme\/index.php\/kurumsal\/\" class=\"more-link\">Continue reading <span class=\"screen-reader-text\">Kurumsal<\/span><\/a><\/p>\n","protected":false},"author":1,"featured_media":0,"parent":0,"menu_order":0,"comment_status":"closed","ping_status":"closed","template":"elementor_canvas","meta":{"footnotes":""},"class_list":["post-4543","page","type-page","status-publish","hentry"],"_links":{"self":[{"href":"https:\/\/learneco.co\/odeme\/index.php\/wp-json\/wp\/v2\/pages\/4543","targetHints":{"allow":["GET"]}}],"collection":[{"href":"https:\/\/learneco.co\/odeme\/index.php\/wp-json\/wp\/v2\/pages"}],"about":[{"href":"https:\/\/learneco.co\/odeme\/index.php\/wp-json\/wp\/v2\/types\/page"}],"author":[{"embeddable":true,"href":"https:\/\/learneco.co\/odeme\/index.php\/wp-json\/wp\/v2\/users\/1"}],"replies":[{"embeddable":true,"href":"https:\/\/learneco.co\/odeme\/index.php\/wp-json\/wp\/v2\/comments?post=4543"}],"version-history":[{"count":46,"href":"https:\/\/learneco.co\/odeme\/index.php\/wp-json\/wp\/v2\/pages\/4543\/revisions"}],"predecessor-version":[{"id":4690,"href":"https:\/\/learneco.co\/odeme\/index.php\/wp-json\/wp\/v2\/pages\/4543\/revisions\/4690"}],"wp:attachment":[{"href":"https:\/\/learneco.co\/odeme\/index.php\/wp-json\/wp\/v2\/media?parent=4543"}],"curies":[{"name":"wp","href":"https:\/\/api.w.org\/{rel}","templated":true}]}}