{"id":5281,"date":"2022-06-23T23:01:09","date_gmt":"2022-06-23T20:01:09","guid":{"rendered":"https:\/\/learneco.co\/odeme\/?page_id=5281"},"modified":"2023-08-19T20:01:58","modified_gmt":"2023-08-19T17:01:58","slug":"teknoloji-ve-inovasyonda-mentorluk","status":"publish","type":"page","link":"https:\/\/learneco.co\/odeme\/index.php\/teknoloji-ve-inovasyonda-mentorluk\/","title":{"rendered":"Teknoloji ve \u0130novasyonda Mentorluk"},"content":{"rendered":"\t\t<div data-elementor-type=\"wp-page\" data-elementor-id=\"5281\" class=\"elementor elementor-5281\" data-elementor-settings=\"[]\">\n\t\t\t\t\t\t\t<div class=\"elementor-section-wrap\">\n\t\t\t\t\t\t\t<section class=\"elementor-section elementor-top-section elementor-element elementor-element-aa2eceb elementor-section-boxed elementor-section-height-default elementor-section-height-default\" data-id=\"aa2eceb\" data-element_type=\"section\">\n\t\t\t\t\t\t<div class=\"elementor-container elementor-column-gap-default\">\n\t\t\t\t\t<div class=\"elementor-column elementor-col-100 elementor-top-column elementor-element elementor-element-e8e24e1\" data-id=\"e8e24e1\" data-element_type=\"column\">\n\t\t\t<div class=\"elementor-widget-wrap elementor-element-populated\">\n\t\t\t\t\t\t\t\t<div class=\"elementor-element elementor-element-d2b2532 elementor-widget elementor-widget-spacer\" data-id=\"d2b2532\" data-element_type=\"widget\" data-widget_type=\"spacer.default\">\n\t\t\t\t<div class=\"elementor-widget-container\">\n\t\t\t\t\t<div class=\"elementor-spacer\">\n\t\t\t<div class=\"elementor-spacer-inner\"><\/div>\n\t\t<\/div>\n\t\t\t\t<\/div>\n\t\t\t\t<\/div>\n\t\t\t\t<div class=\"elementor-element elementor-element-8e74896 elementor-arrows-position-inside elementor-pagination-position-outside elementor-widget elementor-widget-image-carousel\" data-id=\"8e74896\" data-element_type=\"widget\" data-settings=\"{&quot;slides_to_show&quot;:&quot;2&quot;,&quot;navigation&quot;:&quot;both&quot;,&quot;autoplay&quot;:&quot;yes&quot;,&quot;pause_on_hover&quot;:&quot;yes&quot;,&quot;pause_on_interaction&quot;:&quot;yes&quot;,&quot;autoplay_speed&quot;:5000,&quot;infinite&quot;:&quot;yes&quot;,&quot;speed&quot;:500}\" data-widget_type=\"image-carousel.default\">\n\t\t\t\t<div class=\"elementor-widget-container\">\n\t\t\t\t\t<div class=\"elementor-image-carousel-wrapper swiper-container\" dir=\"ltr\">\n\t\t\t<div class=\"elementor-image-carousel swiper-wrapper\">\n\t\t\t\t<div class=\"swiper-slide\"><figure class=\"swiper-slide-inner\"><img decoding=\"async\" class=\"swiper-slide-image\" src=\"https:\/\/learneco.co\/odeme\/wp-content\/uploads\/2023\/08\/wenergy-mentorluk-1.jpeg\" alt=\"wenergy-mentorluk-1\" \/><\/figure><\/div><div class=\"swiper-slide\"><figure class=\"swiper-slide-inner\"><img decoding=\"async\" class=\"swiper-slide-image\" src=\"https:\/\/learneco.co\/odeme\/wp-content\/uploads\/2023\/08\/wenergy-mentorluk-2.jpeg\" alt=\"wenergy-mentorluk-2\" \/><\/figure><\/div><div class=\"swiper-slide\"><figure class=\"swiper-slide-inner\"><img decoding=\"async\" class=\"swiper-slide-image\" src=\"https:\/\/learneco.co\/odeme\/wp-content\/uploads\/2023\/08\/wenergy-mentorluk-3.jpeg\" alt=\"wenergy-mentorluk-3\" \/><\/figure><\/div>\t\t\t<\/div>\n\t\t\t\t\t\t\t\t\t\t\t\t<div class=\"swiper-pagination\"><\/div>\n\t\t\t\t\t\t\t\t\t\t\t\t\t<div class=\"elementor-swiper-button elementor-swiper-button-prev\">\n\t\t\t\t\t\t<i class=\"eicon-chevron-left\" aria-hidden=\"true\"><\/i>\n\t\t\t\t\t\t<span class=\"elementor-screen-only\">\u00d6nceki<\/span>\n\t\t\t\t\t<\/div>\n\t\t\t\t\t<div class=\"elementor-swiper-button elementor-swiper-button-next\">\n\t\t\t\t\t\t<i class=\"eicon-chevron-right\" aria-hidden=\"true\"><\/i>\n\t\t\t\t\t\t<span class=\"elementor-screen-only\">Sonraki<\/span>\n\t\t\t\t\t<\/div>\n\t\t\t\t\t\t\t\t\t<\/div>\n\t\t\t\t<\/div>\n\t\t\t\t<\/div>\n\t\t\t\t\t<\/div>\n\t\t<\/div>\n\t\t\t\t\t\t\t<\/div>\n\t\t<\/section>\n\t\t\t\t<section class=\"elementor-section elementor-top-section elementor-element elementor-element-0ede6a4 elementor-hidden-desktop elementor-hidden-tablet elementor-hidden-phone elementor-section-boxed elementor-section-height-default elementor-section-height-default\" data-id=\"0ede6a4\" data-element_type=\"section\" data-settings=\"{&quot;background_background&quot;:&quot;classic&quot;}\">\n\t\t\t\t\t\t<div class=\"elementor-container elementor-column-gap-default\">\n\t\t\t\t\t<div class=\"elementor-column elementor-col-33 elementor-top-column elementor-element elementor-element-ea61e7b\" data-id=\"ea61e7b\" data-element_type=\"column\">\n\t\t\t<div class=\"elementor-widget-wrap elementor-element-populated\">\n\t\t\t\t\t\t\t\t<div class=\"elementor-element elementor-element-c6a0fc4 elementor-widget elementor-widget-heading\" data-id=\"c6a0fc4\" data-element_type=\"widget\" data-widget_type=\"heading.default\">\n\t\t\t\t<div class=\"elementor-widget-container\">\n\t\t\t<h1 class=\"elementor-heading-title elementor-size-default\">!<\/h1>\t\t<\/div>\n\t\t\t\t<\/div>\n\t\t\t\t\t<\/div>\n\t\t<\/div>\n\t\t\t\t<div class=\"elementor-column elementor-col-66 elementor-top-column elementor-element elementor-element-bc77672\" data-id=\"bc77672\" data-element_type=\"column\">\n\t\t\t<div class=\"elementor-widget-wrap elementor-element-populated\">\n\t\t\t\t\t\t\t\t<div class=\"elementor-element elementor-element-8711ebf elementor-widget elementor-widget-text-editor\" data-id=\"8711ebf\" data-element_type=\"widget\" data-widget_type=\"text-editor.default\">\n\t\t\t\t<div class=\"elementor-widget-container\">\n\t\t\t\t\t\t\t\t<p>Kontenjan\u0131m\u0131z dolmu\u015ftur. Formu doldurman\u0131z halinde, yeni tarihler a\u00e7\u0131ld\u0131\u011f\u0131nda sizlere haber verilecektir.<\/p>\t\t\t\t\t\t<\/div>\n\t\t\t\t<\/div>\n\t\t\t\t\t<\/div>\n\t\t<\/div>\n\t\t\t\t\t\t\t<\/div>\n\t\t<\/section>\n\t\t\t\t<section class=\"elementor-section elementor-top-section elementor-element elementor-element-8217597 elementor-section-boxed elementor-section-height-default elementor-section-height-default\" data-id=\"8217597\" data-element_type=\"section\">\n\t\t\t\t\t\t<div class=\"elementor-container elementor-column-gap-default\">\n\t\t\t\t\t<div class=\"elementor-column elementor-col-100 elementor-top-column elementor-element elementor-element-2167144\" data-id=\"2167144\" data-element_type=\"column\">\n\t\t\t<div class=\"elementor-widget-wrap elementor-element-populated\">\n\t\t\t\t\t\t\t\t<div class=\"elementor-element elementor-element-082bdca elementor-widget elementor-widget-spacer\" data-id=\"082bdca\" data-element_type=\"widget\" data-widget_type=\"spacer.default\">\n\t\t\t\t<div class=\"elementor-widget-container\">\n\t\t\t\t\t<div class=\"elementor-spacer\">\n\t\t\t<div class=\"elementor-spacer-inner\"><\/div>\n\t\t<\/div>\n\t\t\t\t<\/div>\n\t\t\t\t<\/div>\n\t\t\t\t\t<\/div>\n\t\t<\/div>\n\t\t\t\t\t\t\t<\/div>\n\t\t<\/section>\n\t\t\t\t<section class=\"elementor-section elementor-top-section elementor-element elementor-element-d97fde3 elementor-section-boxed elementor-section-height-default elementor-section-height-default\" data-id=\"d97fde3\" data-element_type=\"section\">\n\t\t\t\t\t\t<div class=\"elementor-container elementor-column-gap-default\">\n\t\t\t\t\t<div class=\"elementor-column elementor-col-100 elementor-top-column elementor-element elementor-element-a083642\" data-id=\"a083642\" data-element_type=\"column\">\n\t\t\t<div class=\"elementor-widget-wrap elementor-element-populated\">\n\t\t\t\t\t\t\t\t<div class=\"elementor-element elementor-element-ba69f18 elementor-widget elementor-widget-wpforms\" data-id=\"ba69f18\" data-element_type=\"widget\" data-widget_type=\"wpforms.default\">\n\t\t\t\t<div class=\"elementor-widget-container\">\n\t\t\t<div class=\"wpforms-container wpforms-container-full\" id=\"wpforms-5280\"><form id=\"wpforms-form-5280\" class=\"wpforms-validate wpforms-form\" data-formid=\"5280\" method=\"post\" enctype=\"multipart\/form-data\" action=\"\/odeme\/index.php\/wp-json\/wp\/v2\/pages\/5281\" data-token=\"53e40c73f5e947b6990b409c5eb6c5cd\"><noscript class=\"wpforms-error-noscript\">Bu formu bitirebilmek i\u00e7in taray\u0131c\u0131n\u0131zda JavaScript&#039;i etkinle\u015ftirin.<\/noscript><div class=\"wpforms-page-indicator connector\" data-indicator=\"connector\" data-indicator-color=\"#5c2da9\" data-scroll=\"1\"><div class=\"wpforms-page-indicator-page active  wpforms-page-indicator-page-1\" style=\"width:33.333333333333%;\"><span class=\"wpforms-page-indicator-page-number\" style=\"background-color:#5c2da9\">1<span class=\"wpforms-page-indicator-page-triangle\" style=\"border-top-color:#5c2da9\"><\/span><\/span><span class=\"wpforms-page-indicator-page-title\">Ki\u015fisel Bilgiler<span><\/div><div class=\"wpforms-page-indicator-page  wpforms-page-indicator-page-2\" style=\"width:33.333333333333%;\"><span class=\"wpforms-page-indicator-page-number\" >2<span class=\"wpforms-page-indicator-page-triangle\" ><\/span><\/span><span class=\"wpforms-page-indicator-page-title\">Beklenti Sorular\u0131<span><\/div><div class=\"wpforms-page-indicator-page  wpforms-page-indicator-page-3\" style=\"width:33.333333333333%;\"><span class=\"wpforms-page-indicator-page-number\" >3<span class=\"wpforms-page-indicator-page-triangle\" ><\/span><\/span><span class=\"wpforms-page-indicator-page-title\">E\u011fitim Tarihi<span><\/div><\/div><div class=\"wpforms-field-container\"><div class=\"wpforms-page wpforms-page-1 \"><div id=\"wpforms-5280-field_18-container\" class=\"wpforms-field wpforms-field-pagebreak\" data-field-id=\"18\"><\/div><div id=\"wpforms-5280-field_6-container\" class=\"wpforms-field wpforms-field-name\" data-field-id=\"6\"><label class=\"wpforms-field-label\" for=\"wpforms-5280-field_6\">Kat\u0131l\u0131mc\u0131n\u0131n Ad\u0131 <span class=\"wpforms-required-label\">*<\/span><\/label><input type=\"text\" id=\"wpforms-5280-field_6\" class=\"wpforms-field-large wpforms-field-required\" name=\"wpforms[fields][6]\" required><\/div><div id=\"wpforms-5280-field_63-container\" class=\"wpforms-field wpforms-field-name\" data-field-id=\"63\"><label class=\"wpforms-field-label\" for=\"wpforms-5280-field_63\">Kat\u0131l\u0131mc\u0131n\u0131n Soyad\u0131 <span class=\"wpforms-required-label\">*<\/span><\/label><input type=\"text\" id=\"wpforms-5280-field_63\" class=\"wpforms-field-large wpforms-field-required\" name=\"wpforms[fields][63]\" required><\/div><div id=\"wpforms-5280-field_46-container\" class=\"wpforms-field wpforms-field-select wpforms-field-select-style-modern\" data-field-id=\"46\"><label class=\"wpforms-field-label\" for=\"wpforms-5280-field_46\">Kendinizi Tan\u0131mlad\u0131\u011f\u0131n\u0131z Cinsel Kimli\u011finiz <span class=\"wpforms-required-label\">*<\/span><\/label><select id=\"wpforms-5280-field_46\" class=\"wpforms-field-large wpforms-field-required choicesjs-select\" data-size-class=\"wpforms-field-row wpforms-field-large\" data-search-enabled=\"\" name=\"wpforms[fields][46]\" required=\"required\"><option value=\"\" class=\"placeholder\" disabled  selected='selected'>Kad\u0131n<\/option><option value=\"Kad\u0131n\" >Kad\u0131n<\/option><option value=\"Erkek\" >Erkek<\/option><option value=\"Belirtmek \u0130stemiyorum\" >Belirtmek \u0130stemiyorum<\/option><\/select><\/div><div id=\"wpforms-5280-field_47-container\" class=\"wpforms-field wpforms-field-text\" data-field-id=\"47\"><label class=\"wpforms-field-label\" for=\"wpforms-5280-field_47\">Kat\u0131l\u0131mc\u0131n\u0131n TC Kimlik Numaras\u0131 <span class=\"wpforms-required-label\">*<\/span><\/label><input type=\"text\" id=\"wpforms-5280-field_47\" class=\"wpforms-field-large wpforms-field-required\" name=\"wpforms[fields][47]\" required><\/div><div id=\"wpforms-5280-field_27-container\" class=\"wpforms-field wpforms-field-phone\" data-field-id=\"27\"><label class=\"wpforms-field-label\" for=\"wpforms-5280-field_27\">Kat\u0131l\u0131mc\u0131n\u0131n Telefon Numaras\u0131 <span class=\"wpforms-required-label\">*<\/span><\/label><input type=\"tel\" id=\"wpforms-5280-field_27\" class=\"wpforms-field-large wpforms-field-required wpforms-smart-phone-field\" data-rule-smart-phone-field=\"true\" name=\"wpforms[fields][27]\" required><\/div><div id=\"wpforms-5280-field_1-container\" class=\"wpforms-field wpforms-field-email\" data-field-id=\"1\"><label class=\"wpforms-field-label\" for=\"wpforms-5280-field_1\">Kat\u0131l\u0131mc\u0131n\u0131n E-Mail Adresi <span class=\"wpforms-required-label\">*<\/span><\/label><input type=\"email\" id=\"wpforms-5280-field_1\" class=\"wpforms-field-large wpforms-field-required\" name=\"wpforms[fields][1]\" required><\/div><div id=\"wpforms-5280-field_13-container\" class=\"wpforms-field wpforms-field-text\" data-field-id=\"13\"><label class=\"wpforms-field-label\" for=\"wpforms-5280-field_13\">Okudu\u011funuz\/Mezun Oldu\u011funuz \u00dcniversite\/B\u00f6l\u00fcm <span class=\"wpforms-required-label\">*<\/span><\/label><input type=\"text\" id=\"wpforms-5280-field_13\" class=\"wpforms-field-large wpforms-field-required\" name=\"wpforms[fields][13]\" required><\/div><div id=\"wpforms-5280-field_14-container\" class=\"wpforms-field wpforms-field-text\" data-field-id=\"14\"><label class=\"wpforms-field-label\" for=\"wpforms-5280-field_14\">Ne Zaman Mezun Oldunuz\/Olacaks\u0131n\u0131z? <span class=\"wpforms-required-label\">*<\/span><\/label><input type=\"text\" id=\"wpforms-5280-field_14\" class=\"wpforms-field-large wpforms-field-required\" name=\"wpforms[fields][14]\" required><\/div><div id=\"wpforms-5280-field_48-container\" class=\"wpforms-field wpforms-field-select wpforms-field-select-style-modern\" data-field-id=\"48\"><label class=\"wpforms-field-label\" for=\"wpforms-5280-field_48\">En aktif olarak kulland\u0131\u011f\u0131n\u0131z sosyal medya platformu nedir? <span class=\"wpforms-required-label\">*<\/span><\/label><select id=\"wpforms-5280-field_48\" class=\"wpforms-field-large wpforms-field-required choicesjs-select\" data-size-class=\"wpforms-field-row wpforms-field-large\" data-search-enabled=\"1\" name=\"wpforms[fields][48]\" required=\"required\"><option value=\"\" class=\"placeholder\" disabled  selected='selected'>Linkedin<\/option><option value=\"Linkedin\" >Linkedin<\/option><option value=\"\u0130nstagram\" >\u0130nstagram<\/option><option value=\"Twitter\" >Twitter<\/option><option value=\"Facebook\" >Facebook<\/option><option value=\"Tumblr\" >Tumblr<\/option><option value=\"Whatsapp\" >Whatsapp<\/option><option value=\"Tiktok\" >Tiktok<\/option><option value=\"YouTube\" >YouTube<\/option><option value=\"Di\u011fer\" >Di\u011fer<\/option><\/select><\/div><div id=\"wpforms-5280-field_57-container\" class=\"wpforms-field wpforms-field-text\" data-field-id=\"57\"><label class=\"wpforms-field-label\" for=\"wpforms-5280-field_57\">Sosyal medya kullan\u0131c\u0131 ad\u0131n\u0131z nedir? <span class=\"wpforms-required-label\">*<\/span><\/label><input type=\"text\" id=\"wpforms-5280-field_57\" class=\"wpforms-field-large wpforms-field-required\" name=\"wpforms[fields][57]\" required><\/div><div id=\"wpforms-5280-field_49-container\" class=\"wpforms-field wpforms-field-text\" data-field-id=\"49\"><label class=\"wpforms-field-label\" for=\"wpforms-5280-field_49\">Y\u00f6nderle Akademi sitesine (learneco.co) kay\u0131t olurken kulland\u0131\u011f\u0131n\u0131z e-posta adresiniz? <span class=\"wpforms-required-label\">*<\/span><\/label><input type=\"text\" id=\"wpforms-5280-field_49\" class=\"wpforms-field-large wpforms-field-required\" name=\"wpforms[fields][49]\" required><div class=\"wpforms-field-description\">Siteye kay\u0131t olmad\u0131ysan\u0131z, Buradan kay\u0131t olabilirsiniz<\/div><\/div><div id=\"wpforms-5280-field_17-container\" class=\"wpforms-field wpforms-field-pagebreak\" data-field-id=\"17\"><div class=\"wpforms-clear wpforms-pagebreak-left\"><button class=\"wpforms-page-button wpforms-page-next\" data-action=\"next\" data-page=\"1\" data-formid=\"5280\" disabled>Sonraki<\/button><\/div><\/div><\/div><div class=\"wpforms-page wpforms-page-2  \" style=\"display:none;\"><div id=\"wpforms-5280-field_51-container\" class=\"wpforms-field wpforms-field-textarea\" data-field-id=\"51\"><label class=\"wpforms-field-label\" for=\"wpforms-5280-field_51\">Teknoloji ve \u0130novasyonda Mentorluk Program\u0131na neden kat\u0131lmak istiyorsun? <span class=\"wpforms-required-label\">*<\/span><\/label><textarea id=\"wpforms-5280-field_51\" class=\"wpforms-field-medium wpforms-field-required\" name=\"wpforms[fields][51]\" required><\/textarea><\/div><div id=\"wpforms-5280-field_52-container\" class=\"wpforms-field wpforms-field-textarea\" data-field-id=\"52\"><label class=\"wpforms-field-label\" for=\"wpforms-5280-field_52\">Teknoloji ve \u0130novasyonda Mentorluk Program\u0131nda \u00f6\u011frenmek istedi\u011fin veya ger\u00e7ekle\u015fmesini  istedi\u011fin 3 \u015feyi bizimle payla\u015fabilir misin? <span class=\"wpforms-required-label\">*<\/span><\/label><textarea id=\"wpforms-5280-field_52\" class=\"wpforms-field-medium wpforms-field-required\" name=\"wpforms[fields][52]\" required><\/textarea><\/div><div id=\"wpforms-5280-field_53-container\" class=\"wpforms-field wpforms-field-textarea\" data-field-id=\"53\"><label class=\"wpforms-field-label\" for=\"wpforms-5280-field_53\">\u00d6ncesinde veya \u015fu an devam etti\u011fin \u00f6\u011frenci topluluklar\u0131 var m\u0131, varsa bunlardaki g\u00f6rev tan\u0131mlar\u0131n neler belirtebilir misin? <span class=\"wpforms-required-label\">*<\/span><\/label><textarea id=\"wpforms-5280-field_53\" class=\"wpforms-field-medium wpforms-field-required\" name=\"wpforms[fields][53]\" required><\/textarea><\/div><div id=\"wpforms-5280-field_62-container\" class=\"wpforms-field wpforms-field-radio wpforms-list-inline\" data-field-id=\"62\"><label class=\"wpforms-field-label\" for=\"wpforms-5280-field_62\">Teknoloji ve \u0130novasyonda  Mentorluk Program\u0131na (4 g\u00fcn) tam kat\u0131l\u0131m sa\u011flayaca\u011f\u0131n\u0131 taahh\u00fct ediyor musun? <span class=\"wpforms-required-label\">*<\/span><\/label><ul id=\"wpforms-5280-field_62\" class=\"wpforms-field-required\"><li class=\"choice-1 depth-1\"><input type=\"radio\" id=\"wpforms-5280-field_62_1\" name=\"wpforms[fields][62]\" value=\"Evet\" required ><label class=\"wpforms-field-label-inline\" for=\"wpforms-5280-field_62_1\">Evet<\/label><\/li><li class=\"choice-2 depth-1\"><input type=\"radio\" id=\"wpforms-5280-field_62_2\" name=\"wpforms[fields][62]\" value=\"Hay\u0131r\" required ><label class=\"wpforms-field-label-inline\" for=\"wpforms-5280-field_62_2\">Hay\u0131r<\/label><\/li><\/ul><\/div><div id=\"wpforms-5280-field_54-container\" class=\"wpforms-field wpforms-field-textarea\" data-field-id=\"54\"><label class=\"wpforms-field-label\" for=\"wpforms-5280-field_54\">Mentorluk sence neden \u00f6nemli, iyi bir mentor sence nas\u0131l olmal\u0131? <span class=\"wpforms-required-label\">*<\/span><\/label><textarea id=\"wpforms-5280-field_54\" class=\"wpforms-field-medium wpforms-field-required wpforms-limit-characters-enabled\" data-form-id=\"5280\" data-field-id=\"54\" data-text-limit=\"400\" name=\"wpforms[fields][54]\" maxlength=\"400\" required><\/textarea><div class=\"wpforms-field-description\">Max 400 karakter<\/div><\/div><div id=\"wpforms-5280-field_24-container\" class=\"wpforms-field wpforms-field-textarea\" data-field-id=\"24\"><label class=\"wpforms-field-label\" for=\"wpforms-5280-field_24\">Herhangi bir konuda hi\u00e7bir fikri olmayan bir ki\u015fiye bu ilgili konu hakk\u0131nda bilgi vermen gerekirse bu bilgileri nas\u0131l aktar\u0131rs\u0131n? <span class=\"wpforms-required-label\">*<\/span><\/label><textarea id=\"wpforms-5280-field_24\" class=\"wpforms-field-medium wpforms-field-required\" name=\"wpforms[fields][24]\" required><\/textarea><\/div><div id=\"wpforms-5280-field_25-container\" class=\"wpforms-field wpforms-field-textarea\" data-field-id=\"25\"><label class=\"wpforms-field-label\" for=\"wpforms-5280-field_25\">Lise \u00f6\u011frencilerine hangi konularda mentorluk deste\u011fi sa\u011flayabilirsin? <span class=\"wpforms-required-label\">*<\/span><\/label><textarea id=\"wpforms-5280-field_25\" class=\"wpforms-field-medium wpforms-field-required\" name=\"wpforms[fields][25]\" required><\/textarea><\/div><div id=\"wpforms-5280-field_61-container\" class=\"wpforms-field wpforms-field-radio wpforms-list-inline\" data-field-id=\"61\"><label class=\"wpforms-field-label\" for=\"wpforms-5280-field_61\">Teknoloji ve \u0130novasyonda Mentorluk Program\u0131 tamamland\u0131ktan sonra proje kapsam\u0131nda 6 ay i\u00e7erisinde toplam 10 k\u0131z lise \u00f6\u011frencisine her bir \u00f6\u011frenciye 2 seans olmak \u00fczere toplam 20 mentorluk g\u00f6r\u00fc\u015fmesi yapaca\u011f\u0131n\u0131 taahh\u00fct ediyor musun? <span class=\"wpforms-required-label\">*<\/span><\/label><ul id=\"wpforms-5280-field_61\" class=\"wpforms-field-required\"><li class=\"choice-1 depth-1\"><input type=\"radio\" id=\"wpforms-5280-field_61_1\" name=\"wpforms[fields][61]\" value=\"Evet\" required ><label class=\"wpforms-field-label-inline\" for=\"wpforms-5280-field_61_1\">Evet<\/label><\/li><li class=\"choice-2 depth-1\"><input type=\"radio\" id=\"wpforms-5280-field_61_2\" name=\"wpforms[fields][61]\" value=\"Hay\u0131r\" required ><label class=\"wpforms-field-label-inline\" for=\"wpforms-5280-field_61_2\">Hay\u0131r<\/label><\/li><\/ul><\/div><div id=\"wpforms-5280-field_23-container\" class=\"wpforms-field wpforms-field-textarea\" data-field-id=\"23\"><label class=\"wpforms-field-label\" for=\"wpforms-5280-field_23\">Eklemek \u0130stedikleriniz.<\/label><textarea id=\"wpforms-5280-field_23\" class=\"wpforms-field-medium\" name=\"wpforms[fields][23]\" ><\/textarea><\/div><div id=\"wpforms-5280-field_58-container\" class=\"wpforms-field wpforms-field-pagebreak\" data-field-id=\"58\"><div class=\"wpforms-clear wpforms-pagebreak-left\"><button class=\"wpforms-page-button wpforms-page-prev\" data-action=\"prev\" data-page=\"2\" data-formid=\"5280\" disabled>\u00d6nceki<\/button><button class=\"wpforms-page-button wpforms-page-next\" data-action=\"next\" data-page=\"2\" data-formid=\"5280\" disabled>Sonraki<\/button><\/div><\/div><\/div><div class=\"wpforms-page wpforms-page-3 last \" style=\"display:none;\"><div id=\"wpforms-5280-field_59-container\" class=\"wpforms-field wpforms-field-radio\" data-field-id=\"59\"><label class=\"wpforms-field-label\" for=\"wpforms-5280-field_59\">Teknoloji ve \u0130novasyonda Mentorluk Program\u0131 toplam 4 g\u00fcn\u00fc kapsayan online bir e\u011fitim program\u0131d\u0131r.  Programlar\u0131n e\u011fitim takvimi a\u015fa\u011f\u0131da belirtilmi\u015ftir. Uygun oldu\u011funuz e\u011fitim takvimini se\u00e7iniz. <span class=\"wpforms-required-label\">*<\/span><\/label><ul id=\"wpforms-5280-field_59\" class=\"wpforms-field-required\"><li class=\"choice-3 depth-1\"><input type=\"radio\" id=\"wpforms-5280-field_59_3\" name=\"wpforms[fields][59]\" value=\"26 Eyl\u00fcl , 27 Eyl\u00fcl ve 28 Eyl\u00fcl (19.00-23.00) Saatleri aras\u0131nda ger\u00e7ekle\u015fecektir.\" required ><label class=\"wpforms-field-label-inline\" for=\"wpforms-5280-field_59_3\">26 Eyl\u00fcl , 27 Eyl\u00fcl ve 28 Eyl\u00fcl (19.00-23.00) Saatleri aras\u0131nda ger\u00e7ekle\u015fecektir.<\/label><\/li><\/ul><\/div><div id=\"wpforms-5280-field_19-container\" class=\"wpforms-field wpforms-field-pagebreak\" data-field-id=\"19\"><div class=\"wpforms-clear wpforms-pagebreak-left\"><button class=\"wpforms-page-button wpforms-page-prev\" data-action=\"prev\" data-page=\"3\" data-formid=\"5280\" disabled>\u00d6nceki<\/button><\/div><\/div><\/div><\/div><div class=\"wpforms-submit-container\" style=\"display:none;\"><input type=\"hidden\" name=\"wpforms[id]\" value=\"5280\"><input type=\"hidden\" name=\"wpforms[author]\" value=\"1\"><button type=\"submit\" name=\"wpforms[submit]\" class=\"wpforms-submit \" id=\"wpforms-submit-5280\" value=\"wpforms-submit\" aria-live=\"assertive\" data-alt-text=\"L\u00fctfen bekleyiniz...\" data-submit-text=\"Ba\u015fvuruyu Tamamla\">Ba\u015fvuruyu Tamamla<\/button><\/div><\/form><\/div>  <!-- .wpforms-container -->\t\t<\/div>\n\t\t\t\t<\/div>\n\t\t\t\t\t<\/div>\n\t\t<\/div>\n\t\t\t\t\t\t\t<\/div>\n\t\t<\/section>\n\t\t\t\t<section class=\"elementor-section elementor-top-section elementor-element elementor-element-ab052f3 elementor-section-boxed elementor-section-height-default elementor-section-height-default\" data-id=\"ab052f3\" data-element_type=\"section\">\n\t\t\t\t\t\t<div class=\"elementor-container elementor-column-gap-default\">\n\t\t\t\t\t<div class=\"elementor-column elementor-col-100 elementor-top-column elementor-element elementor-element-d9678da\" data-id=\"d9678da\" data-element_type=\"column\">\n\t\t\t<div class=\"elementor-widget-wrap elementor-element-populated\">\n\t\t\t\t\t\t\t\t<div class=\"elementor-element elementor-element-b7529f8 elementor-widget elementor-widget-spacer\" data-id=\"b7529f8\" data-element_type=\"widget\" data-widget_type=\"spacer.default\">\n\t\t\t\t<div class=\"elementor-widget-container\">\n\t\t\t\t\t<div class=\"elementor-spacer\">\n\t\t\t<div class=\"elementor-spacer-inner\"><\/div>\n\t\t<\/div>\n\t\t\t\t<\/div>\n\t\t\t\t<\/div>\n\t\t\t\t\t<\/div>\n\t\t<\/div>\n\t\t\t\t\t\t\t<\/div>\n\t\t<\/section>\n\t\t\t\t\t\t<\/div>\n\t\t\t\t\t<\/div>\n\t\t","protected":false},"excerpt":{"rendered":"<p>\u00d6nceki Sonraki ! Kontenjan\u0131m\u0131z dolmu\u015ftur. Formu doldurman\u0131z halinde, yeni tarihler a\u00e7\u0131ld\u0131\u011f\u0131nda sizlere haber verilecektir.<\/p>\n","protected":false},"author":1,"featured_media":0,"parent":0,"menu_order":0,"comment_status":"closed","ping_status":"closed","template":"elementor_canvas","meta":{"footnotes":""},"class_list":["post-5281","page","type-page","status-publish","hentry"],"_links":{"self":[{"href":"https:\/\/learneco.co\/odeme\/index.php\/wp-json\/wp\/v2\/pages\/5281","targetHints":{"allow":["GET"]}}],"collection":[{"href":"https:\/\/learneco.co\/odeme\/index.php\/wp-json\/wp\/v2\/pages"}],"about":[{"href":"https:\/\/learneco.co\/odeme\/index.php\/wp-json\/wp\/v2\/types\/page"}],"author":[{"embeddable":true,"href":"https:\/\/learneco.co\/odeme\/index.php\/wp-json\/wp\/v2\/users\/1"}],"replies":[{"embeddable":true,"href":"https:\/\/learneco.co\/odeme\/index.php\/wp-json\/wp\/v2\/comments?post=5281"}],"version-history":[{"count":37,"href":"https:\/\/learneco.co\/odeme\/index.php\/wp-json\/wp\/v2\/pages\/5281\/revisions"}],"predecessor-version":[{"id":5749,"href":"https:\/\/learneco.co\/odeme\/index.php\/wp-json\/wp\/v2\/pages\/5281\/revisions\/5749"}],"wp:attachment":[{"href":"https:\/\/learneco.co\/odeme\/index.php\/wp-json\/wp\/v2\/media?parent=5281"}],"curies":[{"name":"wp","href":"https:\/\/api.w.org\/{rel}","templated":true}]}}