{"id":5325,"date":"2022-06-23T23:54:11","date_gmt":"2022-06-23T20:54:11","guid":{"rendered":"https:\/\/learneco.co\/odeme\/?page_id=5325"},"modified":"2024-09-29T14:33:50","modified_gmt":"2024-09-29T11:33:50","slug":"ileri-seviye-girisimci-yetistirme-programi","status":"publish","type":"page","link":"https:\/\/learneco.co\/odeme\/index.php\/ileri-seviye-girisimci-yetistirme-programi\/","title":{"rendered":"\u0130leri Seviye Giri\u015fimci Yeti\u015ftirme Program\u0131"},"content":{"rendered":"\t\t<div data-elementor-type=\"wp-page\" data-elementor-id=\"5325\" class=\"elementor elementor-5325\" data-elementor-settings=\"[]\">\n\t\t\t\t\t\t\t<div class=\"elementor-section-wrap\">\n\t\t\t\t\t\t\t<section class=\"elementor-section elementor-top-section elementor-element elementor-element-f857928 elementor-section-boxed elementor-section-height-default elementor-section-height-default\" data-id=\"f857928\" data-element_type=\"section\">\n\t\t\t\t\t\t<div class=\"elementor-container elementor-column-gap-default\">\n\t\t\t\t\t<div class=\"elementor-column elementor-col-100 elementor-top-column elementor-element elementor-element-c88a04d\" data-id=\"c88a04d\" data-element_type=\"column\">\n\t\t\t<div class=\"elementor-widget-wrap elementor-element-populated\">\n\t\t\t\t\t\t\t\t<div class=\"elementor-element elementor-element-83d6db6 elementor-widget elementor-widget-spacer\" data-id=\"83d6db6\" data-element_type=\"widget\" data-widget_type=\"spacer.default\">\n\t\t\t\t<div class=\"elementor-widget-container\">\n\t\t\t\t\t<div class=\"elementor-spacer\">\n\t\t\t<div class=\"elementor-spacer-inner\"><\/div>\n\t\t<\/div>\n\t\t\t\t<\/div>\n\t\t\t\t<\/div>\n\t\t\t\t<div class=\"elementor-element elementor-element-f2e4017 elementor-arrows-position-inside elementor-pagination-position-outside elementor-widget elementor-widget-image-carousel\" data-id=\"f2e4017\" data-element_type=\"widget\" data-settings=\"{&quot;slides_to_show&quot;:&quot;2&quot;,&quot;navigation&quot;:&quot;both&quot;,&quot;autoplay&quot;:&quot;yes&quot;,&quot;pause_on_hover&quot;:&quot;yes&quot;,&quot;pause_on_interaction&quot;:&quot;yes&quot;,&quot;autoplay_speed&quot;:5000,&quot;infinite&quot;:&quot;yes&quot;,&quot;speed&quot;:500}\" data-widget_type=\"image-carousel.default\">\n\t\t\t\t<div class=\"elementor-widget-container\">\n\t\t\t\t\t<div class=\"elementor-image-carousel-wrapper swiper-container\" dir=\"ltr\">\n\t\t\t<div class=\"elementor-image-carousel swiper-wrapper\">\n\t\t\t\t<div class=\"swiper-slide\"><figure class=\"swiper-slide-inner\"><img decoding=\"async\" class=\"swiper-slide-image\" src=\"https:\/\/learneco.co\/odeme\/wp-content\/uploads\/2023\/09\/ileri-seviye-girisimci-yetistirme-1.jpeg\" alt=\"ileri-seviye-girisimci-yetistirme-1\" \/><\/figure><\/div><div class=\"swiper-slide\"><figure class=\"swiper-slide-inner\"><img decoding=\"async\" class=\"swiper-slide-image\" src=\"https:\/\/learneco.co\/odeme\/wp-content\/uploads\/2023\/09\/ileri-seviye-girisimci-yetistirme-2.jpeg\" alt=\"ileri-seviye-girisimci-yetistirme-2\" \/><\/figure><\/div><div class=\"swiper-slide\"><figure class=\"swiper-slide-inner\"><img decoding=\"async\" class=\"swiper-slide-image\" src=\"https:\/\/learneco.co\/odeme\/wp-content\/uploads\/2023\/09\/ileri-seviye-girisimci-yetistirme-3.jpeg\" alt=\"ileri-seviye-girisimci-yetistirme-3\" \/><\/figure><\/div>\t\t\t<\/div>\n\t\t\t\t\t\t\t\t\t\t\t\t<div class=\"swiper-pagination\"><\/div>\n\t\t\t\t\t\t\t\t\t\t\t\t\t<div class=\"elementor-swiper-button elementor-swiper-button-prev\">\n\t\t\t\t\t\t<i class=\"eicon-chevron-left\" aria-hidden=\"true\"><\/i>\n\t\t\t\t\t\t<span class=\"elementor-screen-only\">\u00d6nceki<\/span>\n\t\t\t\t\t<\/div>\n\t\t\t\t\t<div class=\"elementor-swiper-button elementor-swiper-button-next\">\n\t\t\t\t\t\t<i class=\"eicon-chevron-right\" aria-hidden=\"true\"><\/i>\n\t\t\t\t\t\t<span class=\"elementor-screen-only\">Sonraki<\/span>\n\t\t\t\t\t<\/div>\n\t\t\t\t\t\t\t\t\t<\/div>\n\t\t\t\t<\/div>\n\t\t\t\t<\/div>\n\t\t\t\t<div class=\"elementor-element elementor-element-3ab0e09 elementor-widget elementor-widget-spacer\" data-id=\"3ab0e09\" data-element_type=\"widget\" data-widget_type=\"spacer.default\">\n\t\t\t\t<div class=\"elementor-widget-container\">\n\t\t\t\t\t<div class=\"elementor-spacer\">\n\t\t\t<div class=\"elementor-spacer-inner\"><\/div>\n\t\t<\/div>\n\t\t\t\t<\/div>\n\t\t\t\t<\/div>\n\t\t\t\t\t<\/div>\n\t\t<\/div>\n\t\t\t\t\t\t\t<\/div>\n\t\t<\/section>\n\t\t\t\t<section class=\"elementor-section elementor-top-section elementor-element elementor-element-2d85b63 elementor-section-boxed elementor-section-height-default elementor-section-height-default\" data-id=\"2d85b63\" data-element_type=\"section\" data-settings=\"{&quot;background_background&quot;:&quot;classic&quot;}\">\n\t\t\t\t\t\t<div class=\"elementor-container elementor-column-gap-default\">\n\t\t\t\t\t<div class=\"elementor-column elementor-col-33 elementor-top-column elementor-element elementor-element-8c57fc9\" data-id=\"8c57fc9\" data-element_type=\"column\">\n\t\t\t<div class=\"elementor-widget-wrap elementor-element-populated\">\n\t\t\t\t\t\t\t\t<div class=\"elementor-element elementor-element-9058a66 elementor-widget elementor-widget-heading\" data-id=\"9058a66\" data-element_type=\"widget\" data-widget_type=\"heading.default\">\n\t\t\t\t<div class=\"elementor-widget-container\">\n\t\t\t<h1 class=\"elementor-heading-title elementor-size-default\">!<\/h1>\t\t<\/div>\n\t\t\t\t<\/div>\n\t\t\t\t\t<\/div>\n\t\t<\/div>\n\t\t\t\t<div class=\"elementor-column elementor-col-66 elementor-top-column elementor-element elementor-element-0329663\" data-id=\"0329663\" data-element_type=\"column\">\n\t\t\t<div class=\"elementor-widget-wrap elementor-element-populated\">\n\t\t\t\t\t\t\t\t<div class=\"elementor-element elementor-element-d9cb929 elementor-widget elementor-widget-text-editor\" data-id=\"d9cb929\" data-element_type=\"widget\" data-widget_type=\"text-editor.default\">\n\t\t\t\t<div class=\"elementor-widget-container\">\n\t\t\t\t\t\t\t\t<p>Ba\u015fvuru Formu\u00a02 Ekim 2024 saat 23.59&#8217;a kadar a\u00e7\u0131k olacakt\u0131r.<\/p>\t\t\t\t\t\t<\/div>\n\t\t\t\t<\/div>\n\t\t\t\t\t<\/div>\n\t\t<\/div>\n\t\t\t\t\t\t\t<\/div>\n\t\t<\/section>\n\t\t\t\t<section class=\"elementor-section elementor-top-section elementor-element elementor-element-4c3bb92 elementor-section-boxed elementor-section-height-default elementor-section-height-default\" data-id=\"4c3bb92\" data-element_type=\"section\">\n\t\t\t\t\t\t<div class=\"elementor-container elementor-column-gap-default\">\n\t\t\t\t\t<div class=\"elementor-column elementor-col-100 elementor-top-column elementor-element elementor-element-091ab93\" data-id=\"091ab93\" data-element_type=\"column\">\n\t\t\t<div class=\"elementor-widget-wrap elementor-element-populated\">\n\t\t\t\t\t\t\t\t<div class=\"elementor-element elementor-element-a19be97 elementor-widget elementor-widget-spacer\" data-id=\"a19be97\" data-element_type=\"widget\" data-widget_type=\"spacer.default\">\n\t\t\t\t<div class=\"elementor-widget-container\">\n\t\t\t\t\t<div class=\"elementor-spacer\">\n\t\t\t<div class=\"elementor-spacer-inner\"><\/div>\n\t\t<\/div>\n\t\t\t\t<\/div>\n\t\t\t\t<\/div>\n\t\t\t\t\t<\/div>\n\t\t<\/div>\n\t\t\t\t\t\t\t<\/div>\n\t\t<\/section>\n\t\t\t\t<section class=\"elementor-section elementor-top-section elementor-element elementor-element-3ec313e elementor-section-boxed elementor-section-height-default elementor-section-height-default\" data-id=\"3ec313e\" data-element_type=\"section\">\n\t\t\t\t\t\t<div class=\"elementor-container elementor-column-gap-default\">\n\t\t\t\t\t<div class=\"elementor-column elementor-col-100 elementor-top-column elementor-element elementor-element-4e92405\" data-id=\"4e92405\" data-element_type=\"column\">\n\t\t\t<div class=\"elementor-widget-wrap elementor-element-populated\">\n\t\t\t\t\t\t\t\t<div class=\"elementor-element elementor-element-8c0d62a elementor-widget elementor-widget-spacer\" data-id=\"8c0d62a\" data-element_type=\"widget\" data-widget_type=\"spacer.default\">\n\t\t\t\t<div class=\"elementor-widget-container\">\n\t\t\t\t\t<div class=\"elementor-spacer\">\n\t\t\t<div class=\"elementor-spacer-inner\"><\/div>\n\t\t<\/div>\n\t\t\t\t<\/div>\n\t\t\t\t<\/div>\n\t\t\t\t<div class=\"elementor-element elementor-element-0d4cf2f elementor-widget elementor-widget-wpforms\" data-id=\"0d4cf2f\" data-element_type=\"widget\" data-widget_type=\"wpforms.default\">\n\t\t\t\t<div class=\"elementor-widget-container\">\n\t\t\t<div class=\"wpforms-container wpforms-container-full\" id=\"wpforms-5462\"><form id=\"wpforms-form-5462\" class=\"wpforms-validate wpforms-form\" data-formid=\"5462\" method=\"post\" enctype=\"multipart\/form-data\" action=\"\/odeme\/index.php\/wp-json\/wp\/v2\/pages\/5325\" data-token=\"dc9231f404d02790541ba52c8d67f5b6\"><noscript class=\"wpforms-error-noscript\">Bu formu bitirebilmek i\u00e7in taray\u0131c\u0131n\u0131zda JavaScript&#039;i etkinle\u015ftirin.<\/noscript><div class=\"wpforms-page-indicator connector\" data-indicator=\"connector\" data-indicator-color=\"#5c2da9\" data-scroll=\"1\"><div class=\"wpforms-page-indicator-page active  wpforms-page-indicator-page-1\" style=\"width:33.333333333333%;\"><span class=\"wpforms-page-indicator-page-number\" style=\"background-color:#5c2da9\">1<span class=\"wpforms-page-indicator-page-triangle\" style=\"border-top-color:#5c2da9\"><\/span><\/span><span class=\"wpforms-page-indicator-page-title\">Ki\u015fisel Bilgiler<span><\/div><div class=\"wpforms-page-indicator-page  wpforms-page-indicator-page-2\" style=\"width:33.333333333333%;\"><span class=\"wpforms-page-indicator-page-number\" >2<span class=\"wpforms-page-indicator-page-triangle\" ><\/span><\/span><span class=\"wpforms-page-indicator-page-title\">Beklenti Sorular\u0131<span><\/div><div class=\"wpforms-page-indicator-page  wpforms-page-indicator-page-3\" style=\"width:33.333333333333%;\"><span class=\"wpforms-page-indicator-page-number\" >3<span class=\"wpforms-page-indicator-page-triangle\" ><\/span><\/span><span class=\"wpforms-page-indicator-page-title\">G\u00f6revler<span><\/div><\/div><div class=\"wpforms-field-container\"><div class=\"wpforms-page wpforms-page-1 \"><div id=\"wpforms-5462-field_18-container\" class=\"wpforms-field wpforms-field-pagebreak\" data-field-id=\"18\"><\/div><div id=\"wpforms-5462-field_6-container\" class=\"wpforms-field wpforms-field-name\" data-field-id=\"6\"><label class=\"wpforms-field-label\" for=\"wpforms-5462-field_6\">Kat\u0131l\u0131mc\u0131n\u0131n Ad\u0131 <span class=\"wpforms-required-label\">*<\/span><\/label><input type=\"text\" id=\"wpforms-5462-field_6\" class=\"wpforms-field-large wpforms-field-required\" name=\"wpforms[fields][6]\" required><\/div><div id=\"wpforms-5462-field_63-container\" class=\"wpforms-field wpforms-field-name\" data-field-id=\"63\"><label class=\"wpforms-field-label\" for=\"wpforms-5462-field_63\">Kat\u0131l\u0131mc\u0131n\u0131n Soyad\u0131 <span class=\"wpforms-required-label\">*<\/span><\/label><input type=\"text\" id=\"wpforms-5462-field_63\" class=\"wpforms-field-large wpforms-field-required\" name=\"wpforms[fields][63]\" required><\/div><div id=\"wpforms-5462-field_46-container\" class=\"wpforms-field wpforms-field-select wpforms-field-select-style-modern\" data-field-id=\"46\"><label class=\"wpforms-field-label\" for=\"wpforms-5462-field_46\">Kendinizi Tan\u0131mlad\u0131\u011f\u0131n\u0131z Cinsiyet Kimli\u011finiz <span class=\"wpforms-required-label\">*<\/span><\/label><select id=\"wpforms-5462-field_46\" class=\"wpforms-field-large wpforms-field-required choicesjs-select\" data-size-class=\"wpforms-field-row wpforms-field-large\" data-search-enabled=\"\" name=\"wpforms[fields][46]\" required=\"required\"><option value=\"\" class=\"placeholder\" disabled  selected='selected'>Kad\u0131n<\/option><option value=\"Kad\u0131n\" >Kad\u0131n<\/option><option value=\"Erkek\" >Erkek<\/option><option value=\"Di\u011fer\" >Di\u011fer<\/option><option value=\"Belirtmek \u0130stemiyorum\" >Belirtmek \u0130stemiyorum<\/option><\/select><\/div><div id=\"wpforms-5462-field_67-container\" class=\"wpforms-field wpforms-field-text\" data-field-id=\"67\"><label class=\"wpforms-field-label\" for=\"wpforms-5462-field_67\">Kat\u0131l\u0131mc\u0131n\u0131n TC Kimlik Numaras\u0131 <span class=\"wpforms-required-label\">*<\/span><\/label><input type=\"text\" id=\"wpforms-5462-field_67\" class=\"wpforms-field-large wpforms-field-required\" name=\"wpforms[fields][67]\" required><\/div><div id=\"wpforms-5462-field_1-container\" class=\"wpforms-field wpforms-field-email\" data-field-id=\"1\"><label class=\"wpforms-field-label\" for=\"wpforms-5462-field_1\">Kat\u0131l\u0131mc\u0131n\u0131n E-Mail Adresi <span class=\"wpforms-required-label\">*<\/span><\/label><input type=\"email\" id=\"wpforms-5462-field_1\" class=\"wpforms-field-large wpforms-field-required\" name=\"wpforms[fields][1]\" required><\/div><div id=\"wpforms-5462-field_27-container\" class=\"wpforms-field wpforms-field-phone\" data-field-id=\"27\"><label class=\"wpforms-field-label\" for=\"wpforms-5462-field_27\">Kat\u0131l\u0131mc\u0131n\u0131n Telefon Numaras\u0131 <span class=\"wpforms-required-label\">*<\/span><\/label><input type=\"tel\" id=\"wpforms-5462-field_27\" class=\"wpforms-field-large wpforms-field-required wpforms-smart-phone-field\" data-rule-smart-phone-field=\"true\" name=\"wpforms[fields][27]\" required><\/div><div id=\"wpforms-5462-field_13-container\" class=\"wpforms-field wpforms-field-text\" data-field-id=\"13\"><label class=\"wpforms-field-label\" for=\"wpforms-5462-field_13\">Okudu\u011funuz\/Mezun Oldu\u011funuz \u00dcniversite ve B\u00f6l\u00fcm <span class=\"wpforms-required-label\">*<\/span><\/label><input type=\"text\" id=\"wpforms-5462-field_13\" class=\"wpforms-field-large wpforms-field-required\" name=\"wpforms[fields][13]\" required><\/div><div id=\"wpforms-5462-field_14-container\" class=\"wpforms-field wpforms-field-text\" data-field-id=\"14\"><label class=\"wpforms-field-label\" for=\"wpforms-5462-field_14\">Devam Ediyorsan\u0131z S\u0131n\u0131f\u0131n\u0131z<\/label><input type=\"text\" id=\"wpforms-5462-field_14\" class=\"wpforms-field-large\" name=\"wpforms[fields][14]\" ><\/div><div id=\"wpforms-5462-field_68-container\" class=\"wpforms-field wpforms-field-text\" data-field-id=\"68\"><label class=\"wpforms-field-label\" for=\"wpforms-5462-field_68\">En Aktif Kulland\u0131\u011f\u0131n\u0131z Sosyal Medya Hesab\u0131 ve Kullan\u0131c\u0131 Ad\u0131n\u0131z <span class=\"wpforms-required-label\">*<\/span><\/label><input type=\"text\" id=\"wpforms-5462-field_68\" class=\"wpforms-field-large wpforms-field-required\" name=\"wpforms[fields][68]\" required><\/div><div id=\"wpforms-5462-field_70-container\" class=\"wpforms-field wpforms-field-text\" data-field-id=\"70\"><label class=\"wpforms-field-label\" for=\"wpforms-5462-field_70\">Linkedin Hesab\u0131n\u0131z <span class=\"wpforms-required-label\">*<\/span><\/label><input type=\"text\" id=\"wpforms-5462-field_70\" class=\"wpforms-field-large wpforms-field-required\" name=\"wpforms[fields][70]\" required><\/div><div id=\"wpforms-5462-field_71-container\" class=\"wpforms-field wpforms-field-text\" data-field-id=\"71\"><label class=\"wpforms-field-label\" for=\"wpforms-5462-field_71\">Ne Zaman Mezun Oldunuz\/Olacaks\u0131n\u0131z <span class=\"wpforms-required-label\">*<\/span><\/label><input type=\"text\" id=\"wpforms-5462-field_71\" class=\"wpforms-field-large wpforms-field-required\" name=\"wpforms[fields][71]\" required><\/div><div id=\"wpforms-5462-field_17-container\" class=\"wpforms-field wpforms-field-pagebreak\" data-field-id=\"17\"><div class=\"wpforms-clear wpforms-pagebreak-left\"><button class=\"wpforms-page-button wpforms-page-next\" data-action=\"next\" data-page=\"1\" data-formid=\"5462\" disabled>Sonraki<\/button><\/div><\/div><\/div><div class=\"wpforms-page wpforms-page-2  \" style=\"display:none;\"><div id=\"wpforms-5462-field_51-container\" class=\"wpforms-field wpforms-field-textarea\" data-field-id=\"51\"><label class=\"wpforms-field-label\" for=\"wpforms-5462-field_51\">W-energy For Innovation Projesi hakk\u0131nda ne d\u00fc\u015f\u00fcn\u00fcyorsun? <span class=\"wpforms-required-label\">*<\/span><\/label><textarea id=\"wpforms-5462-field_51\" class=\"wpforms-field-medium wpforms-field-required\" name=\"wpforms[fields][51]\" required><\/textarea><\/div><div id=\"wpforms-5462-field_61-container\" class=\"wpforms-field wpforms-field-radio wpforms-list-inline\" data-field-id=\"61\"><label class=\"wpforms-field-label\" for=\"wpforms-5462-field_61\">W-energy For Innovation Temel Giri\u015fimcilik Program\u0131na (2 G\u00fcn)  tam kat\u0131l\u0131m sa\u011flad\u0131n m\u0131? <span class=\"wpforms-required-label\">*<\/span><\/label><ul id=\"wpforms-5462-field_61\" class=\"wpforms-field-required\"><li class=\"choice-1 depth-1\"><input type=\"radio\" id=\"wpforms-5462-field_61_1\" name=\"wpforms[fields][61]\" value=\"Evet\" required ><label class=\"wpforms-field-label-inline\" for=\"wpforms-5462-field_61_1\">Evet<\/label><\/li><li class=\"choice-2 depth-1\"><input type=\"radio\" id=\"wpforms-5462-field_61_2\" name=\"wpforms[fields][61]\" value=\"Hay\u0131r\" required ><label class=\"wpforms-field-label-inline\" for=\"wpforms-5462-field_61_2\">Hay\u0131r<\/label><\/li><\/ul><\/div><div id=\"wpforms-5462-field_23-container\" class=\"wpforms-field wpforms-field-textarea\" data-field-id=\"23\"><label class=\"wpforms-field-label\" for=\"wpforms-5462-field_23\">W-energy For Innovation \u0130leri Seviye Giri\u015fimci Yeti\u015ftirme Program\u0131na neden kat\u0131lmak istiyorsun? <span class=\"wpforms-required-label\">*<\/span><\/label><textarea id=\"wpforms-5462-field_23\" class=\"wpforms-field-medium wpforms-field-required\" name=\"wpforms[fields][23]\" required><\/textarea><\/div><div id=\"wpforms-5462-field_73-container\" class=\"wpforms-field wpforms-field-textarea\" data-field-id=\"73\"><label class=\"wpforms-field-label\" for=\"wpforms-5462-field_73\">\u00d6ncesinde veya \u015fu an devam etti\u011fin \u00f6\u011frenci topluluklar\u0131 var m\u0131, varsa bunlardaki g\u00f6rev tan\u0131mlamalar\u0131n neler belirtebilir misin? <span class=\"wpforms-required-label\">*<\/span><\/label><textarea id=\"wpforms-5462-field_73\" class=\"wpforms-field-medium wpforms-field-required\" name=\"wpforms[fields][73]\" required><\/textarea><\/div><div id=\"wpforms-5462-field_76-container\" class=\"wpforms-field wpforms-field-radio wpforms-list-inline\" data-field-id=\"76\"><label class=\"wpforms-field-label\" for=\"wpforms-5462-field_76\">W-energy For Innovation kapsam\u0131nda ger\u00e7ekle\u015fecek \u0130leri Seviye Giri\u015fimci Yeti\u015ftirme Program\u0131na tam kat\u0131l\u0131m sa\u011flayaca\u011f\u0131n\u0131 taahh\u00fct ediyor musun? <span class=\"wpforms-required-label\">*<\/span><\/label><ul id=\"wpforms-5462-field_76\" class=\"wpforms-field-required\"><li class=\"choice-1 depth-1\"><input type=\"radio\" id=\"wpforms-5462-field_76_1\" name=\"wpforms[fields][76]\" value=\"Evet\" required ><label class=\"wpforms-field-label-inline\" for=\"wpforms-5462-field_76_1\">Evet<\/label><\/li><li class=\"choice-2 depth-1\"><input type=\"radio\" id=\"wpforms-5462-field_76_2\" name=\"wpforms[fields][76]\" value=\"Hay\u0131r\" required ><label class=\"wpforms-field-label-inline\" for=\"wpforms-5462-field_76_2\">Hay\u0131r<\/label><\/li><\/ul><\/div><div id=\"wpforms-5462-field_78-container\" class=\"wpforms-field wpforms-field-radio wpforms-list-inline\" data-field-id=\"78\"><label class=\"wpforms-field-label\" for=\"wpforms-5462-field_78\">Hackathon&#039;da dereceye girdi\u011fin taktirde Aygaz taraf\u0131ndan sunulan staj imkanlar\u0131na tam kat\u0131l\u0131m g\u00f6sterebilecek misin? <span class=\"wpforms-required-label\">*<\/span><\/label><ul id=\"wpforms-5462-field_78\" class=\"wpforms-field-required\"><li class=\"choice-1 depth-1\"><input type=\"radio\" id=\"wpforms-5462-field_78_1\" name=\"wpforms[fields][78]\" value=\"Evet\" required ><label class=\"wpforms-field-label-inline\" for=\"wpforms-5462-field_78_1\">Evet<\/label><\/li><li class=\"choice-2 depth-1\"><input type=\"radio\" id=\"wpforms-5462-field_78_2\" name=\"wpforms[fields][78]\" value=\"Hay\u0131r\" required ><label class=\"wpforms-field-label-inline\" for=\"wpforms-5462-field_78_2\">Hay\u0131r<\/label><\/li><\/ul><\/div><div id=\"wpforms-5462-field_80-container\" class=\"wpforms-field wpforms-field-textarea\" data-field-id=\"80\"><label class=\"wpforms-field-label\" for=\"wpforms-5462-field_80\">Kad\u0131nlar\u0131n Teknoloji ve \u0130novasyon alan\u0131nda istihdam\u0131n\u0131 art\u0131rmak ad\u0131na neler yap\u0131labilir? <span class=\"wpforms-required-label\">*<\/span><\/label><textarea id=\"wpforms-5462-field_80\" class=\"wpforms-field-medium wpforms-field-required\" name=\"wpforms[fields][80]\" required><\/textarea><\/div><div id=\"wpforms-5462-field_81-container\" class=\"wpforms-field wpforms-field-textarea\" data-field-id=\"81\"><label class=\"wpforms-field-label\" for=\"wpforms-5462-field_81\">Kurumsal \u015firketler gen\u00e7 yeteneklerle alakal\u0131 sence hangi projeleri \u00fcretebilir, bir gen\u00e7 yetenek olarak kurumsal \u015firketlerin ger\u00e7ekle\u015ftirdi\u011fi gen\u00e7 yetenek ve staj programlar\u0131ndan neler bekliyorsun ve sence bu programlarda neler geli\u015ftirilmeli? <span class=\"wpforms-required-label\">*<\/span><\/label><textarea id=\"wpforms-5462-field_81\" class=\"wpforms-field-medium wpforms-field-required\" name=\"wpforms[fields][81]\" required><\/textarea><\/div><div id=\"wpforms-5462-field_58-container\" class=\"wpforms-field wpforms-field-radio\" data-field-id=\"58\"><label class=\"wpforms-field-label\" for=\"wpforms-5462-field_58\">Program Takvimi a\u015fa\u011f\u0131daki gibidir.Programa kesin kat\u0131lacaksan\u0131z onaylay\u0131n\u0131z. <span class=\"wpforms-required-label\">*<\/span><\/label><ul id=\"wpforms-5462-field_58\" class=\"wpforms-field-required\"><li class=\"choice-8 depth-1\"><input type=\"radio\" id=\"wpforms-5462-field_58_8\" name=\"wpforms[fields][58]\" value=\"Son Grup: \u0130lgili grubun e\u011fitimleri 19-20 Ekim, 27 Ekim, 3 Kas\u0131m, 6 Kas\u0131m ve 31 Kas\u0131m 2024 tarihlerinde ger\u00e7ekle\u015fecektir.\" required ><label class=\"wpforms-field-label-inline\" for=\"wpforms-5462-field_58_8\">Son Grup: \u0130lgili grubun e\u011fitimleri 19-20 Ekim, 27 Ekim, 3 Kas\u0131m, 6 Kas\u0131m ve 31 Kas\u0131m 2024 tarihlerinde ger\u00e7ekle\u015fecektir.<\/label><\/li><\/ul><\/div><div id=\"wpforms-5462-field_82-container\" class=\"wpforms-field wpforms-field-pagebreak\" data-field-id=\"82\"><div class=\"wpforms-clear wpforms-pagebreak-left\"><button class=\"wpforms-page-button wpforms-page-prev\" data-action=\"prev\" data-page=\"2\" data-formid=\"5462\" disabled>\u00d6nceki<\/button><button class=\"wpforms-page-button wpforms-page-next\" data-action=\"next\" data-page=\"2\" data-formid=\"5462\" disabled>Sonraki<\/button><\/div><\/div><\/div><div class=\"wpforms-page wpforms-page-3 last \" style=\"display:none;\"><div id=\"wpforms-5462-field_113-container\" class=\"wpforms-field wpforms-field-html\" data-field-id=\"113\"><div id=\"wpforms-5462-field_113\"><img decoding=\"async\" src=\"https:\/\/learneco.co\/odeme\/wp-content\/uploads\/2023\/09\/ileri-seviye-gorev.png\" alt=\"Gorevler\"\/><\/div><\/div><div id=\"wpforms-5462-field_19-container\" class=\"wpforms-field wpforms-field-pagebreak\" data-field-id=\"19\"><div class=\"wpforms-clear wpforms-pagebreak-left\"><button class=\"wpforms-page-button wpforms-page-prev\" data-action=\"prev\" data-page=\"3\" data-formid=\"5462\" disabled>\u00d6nceki<\/button><\/div><\/div><\/div><\/div><div class=\"wpforms-submit-container\" style=\"display:none;\"><input type=\"hidden\" name=\"wpforms[id]\" value=\"5462\"><input type=\"hidden\" name=\"wpforms[author]\" value=\"1\"><button type=\"submit\" name=\"wpforms[submit]\" class=\"wpforms-submit \" id=\"wpforms-submit-5462\" value=\"wpforms-submit\" aria-live=\"assertive\" data-alt-text=\"L\u00fctfen bekleyiniz...\" data-submit-text=\"Ba\u015fvuruyu Tamamla\">Ba\u015fvuruyu Tamamla<\/button><\/div><\/form><\/div>  <!-- .wpforms-container -->\t\t<\/div>\n\t\t\t\t<\/div>\n\t\t\t\t\t<\/div>\n\t\t<\/div>\n\t\t\t\t\t\t\t<\/div>\n\t\t<\/section>\n\t\t\t\t\t\t<\/div>\n\t\t\t\t\t<\/div>\n\t\t","protected":false},"excerpt":{"rendered":"<p>\u00d6nceki Sonraki ! Ba\u015fvuru Formu\u00a02 Ekim 2024 saat 23.59&#8217;a kadar a\u00e7\u0131k olacakt\u0131r.<\/p>\n","protected":false},"author":1,"featured_media":0,"parent":0,"menu_order":0,"comment_status":"closed","ping_status":"closed","template":"elementor_canvas","meta":{"footnotes":""},"class_list":["post-5325","page","type-page","status-publish","hentry"],"_links":{"self":[{"href":"https:\/\/learneco.co\/odeme\/index.php\/wp-json\/wp\/v2\/pages\/5325","targetHints":{"allow":["GET"]}}],"collection":[{"href":"https:\/\/learneco.co\/odeme\/index.php\/wp-json\/wp\/v2\/pages"}],"about":[{"href":"https:\/\/learneco.co\/odeme\/index.php\/wp-json\/wp\/v2\/types\/page"}],"author":[{"embeddable":true,"href":"https:\/\/learneco.co\/odeme\/index.php\/wp-json\/wp\/v2\/users\/1"}],"replies":[{"embeddable":true,"href":"https:\/\/learneco.co\/odeme\/index.php\/wp-json\/wp\/v2\/comments?post=5325"}],"version-history":[{"count":79,"href":"https:\/\/learneco.co\/odeme\/index.php\/wp-json\/wp\/v2\/pages\/5325\/revisions"}],"predecessor-version":[{"id":5806,"href":"https:\/\/learneco.co\/odeme\/index.php\/wp-json\/wp\/v2\/pages\/5325\/revisions\/5806"}],"wp:attachment":[{"href":"https:\/\/learneco.co\/odeme\/index.php\/wp-json\/wp\/v2\/media?parent=5325"}],"curies":[{"name":"wp","href":"https:\/\/api.w.org\/{rel}","templated":true}]}}