{"id":5407,"date":"2022-07-17T20:05:50","date_gmt":"2022-07-17T17:05:50","guid":{"rendered":"https:\/\/learneco.co\/odeme\/?page_id=5407"},"modified":"2022-07-17T20:06:31","modified_gmt":"2022-07-17T17:06:31","slug":"w-energy-degerlendirme","status":"publish","type":"page","link":"https:\/\/learneco.co\/odeme\/index.php\/w-energy-degerlendirme\/","title":{"rendered":"W-Energy De\u011ferlendirme"},"content":{"rendered":"\t\t<div data-elementor-type=\"wp-page\" data-elementor-id=\"5407\" class=\"elementor elementor-5407\" data-elementor-settings=\"[]\">\n\t\t\t\t\t\t\t<div class=\"elementor-section-wrap\">\n\t\t\t\t\t\t\t<section class=\"elementor-section elementor-top-section elementor-element elementor-element-029cb10 elementor-section-boxed elementor-section-height-default elementor-section-height-default\" data-id=\"029cb10\" data-element_type=\"section\">\n\t\t\t\t\t\t<div class=\"elementor-container elementor-column-gap-default\">\n\t\t\t\t\t<div class=\"elementor-column elementor-col-100 elementor-top-column elementor-element elementor-element-ecfcf2d\" data-id=\"ecfcf2d\" data-element_type=\"column\">\n\t\t\t<div class=\"elementor-widget-wrap elementor-element-populated\">\n\t\t\t\t\t\t\t\t<div class=\"elementor-element elementor-element-5b450b6 elementor-widget elementor-widget-spacer\" data-id=\"5b450b6\" data-element_type=\"widget\" data-widget_type=\"spacer.default\">\n\t\t\t\t<div class=\"elementor-widget-container\">\n\t\t\t\t\t<div class=\"elementor-spacer\">\n\t\t\t<div class=\"elementor-spacer-inner\"><\/div>\n\t\t<\/div>\n\t\t\t\t<\/div>\n\t\t\t\t<\/div>\n\t\t\t\t\t<\/div>\n\t\t<\/div>\n\t\t\t\t\t\t\t<\/div>\n\t\t<\/section>\n\t\t\t\t<section class=\"elementor-section elementor-top-section elementor-element elementor-element-d82c561 elementor-section-boxed elementor-section-height-default elementor-section-height-default\" data-id=\"d82c561\" data-element_type=\"section\">\n\t\t\t\t\t\t<div class=\"elementor-container elementor-column-gap-default\">\n\t\t\t\t\t<div class=\"elementor-column elementor-col-100 elementor-top-column elementor-element elementor-element-0490a6e\" data-id=\"0490a6e\" data-element_type=\"column\">\n\t\t\t<div class=\"elementor-widget-wrap elementor-element-populated\">\n\t\t\t\t\t\t\t\t<div class=\"elementor-element elementor-element-808e70b elementor-widget elementor-widget-wpforms\" data-id=\"808e70b\" data-element_type=\"widget\" data-widget_type=\"wpforms.default\">\n\t\t\t\t<div class=\"elementor-widget-container\">\n\t\t\t<div class=\"wpforms-container wpforms-container-full\" id=\"wpforms-5406\"><form id=\"wpforms-form-5406\" class=\"wpforms-validate wpforms-form\" data-formid=\"5406\" method=\"post\" enctype=\"multipart\/form-data\" action=\"\/odeme\/index.php\/wp-json\/wp\/v2\/pages\/5407\" data-token=\"32c69cbea2fd26a85a9a557a4d390645\"><noscript class=\"wpforms-error-noscript\">Bu formu bitirebilmek i\u00e7in taray\u0131c\u0131n\u0131zda JavaScript&#039;i etkinle\u015ftirin.<\/noscript><div class=\"wpforms-field-container\"><div id=\"wpforms-5406-field_24-container\" class=\"wpforms-field wpforms-field-name\" data-field-id=\"24\"><label class=\"wpforms-field-label\" for=\"wpforms-5406-field_24\">Ad\u0131n\u0131z Soyad\u0131n\u0131z<\/label><input type=\"text\" id=\"wpforms-5406-field_24\" class=\"wpforms-field-large\" name=\"wpforms[fields][24]\" ><\/div><div id=\"wpforms-5406-field_5-container\" class=\"wpforms-field wpforms-field-text\" data-field-id=\"5\"><label class=\"wpforms-field-label\" for=\"wpforms-5406-field_5\">Kat\u0131ld\u0131\u011f\u0131n\u0131z E\u011fitimin Ad\u0131 <span class=\"wpforms-required-label\">*<\/span><\/label><input type=\"text\" id=\"wpforms-5406-field_5\" class=\"wpforms-field-large wpforms-field-required\" name=\"wpforms[fields][5]\" required><\/div><div id=\"wpforms-5406-field_6-container\" class=\"wpforms-field wpforms-field-text\" data-field-id=\"6\"><label class=\"wpforms-field-label\" for=\"wpforms-5406-field_6\">E\u011fitmenin Ad\u0131<\/label><input type=\"text\" id=\"wpforms-5406-field_6\" class=\"wpforms-field-large\" name=\"wpforms[fields][6]\" ><\/div><div id=\"wpforms-5406-field_28-container\" class=\"wpforms-field wpforms-field-date-time\" data-field-id=\"28\"><label class=\"wpforms-field-label\" for=\"wpforms-5406-field_28\">E\u011fitim Tarihi <span class=\"wpforms-required-label\">*<\/span><\/label><div class=\"wpforms-datepicker-wrap\"><input type=\"text\" id=\"wpforms-5406-field_28\" class=\"wpforms-field-date-time-date wpforms-datepicker wpforms-field-required wpforms-field-large\" data-date-format=\"d\/m\/Y\" data-disable-past-dates=\"0\" data-input=\"true\" name=\"wpforms[fields][28][date]\" required><a title=\"Clear Date\" data-clear class=\"wpforms-datepicker-clear\" style=\"display:none;\"><\/a><\/div><\/div><div id=\"wpforms-5406-field_9-container\" class=\"wpforms-field wpforms-field-number-slider\" data-field-id=\"9\"><label class=\"wpforms-field-label\" for=\"wpforms-5406-field_9\">0 - 10 aras\u0131 bir \u00f6l\u00e7ekte e\u011fitimi ne kadar be\u011fenirdiniz? (Zorunlu Alan)<\/label><input\n\ttype=\"range\"\n\tid=\"wpforms-5406-field_9\" class=\"wpforms-field-large\" name=\"wpforms[fields][9]\" value=\"10\"\t\tvalue=\"10\"\n\tmin=\"0\"\n\tmax=\"10\"\n\tstep=\"1\">\n\n<div class=\"wpforms-field-number-slider-hint\"\n\tdata-hint=\"Verilen Puan: {value}\">\n\tVerilen Puan: <b>10<\/b><\/div>\n<\/div><div id=\"wpforms-5406-field_10-container\" class=\"wpforms-field wpforms-field-textarea\" data-field-id=\"10\"><label class=\"wpforms-field-label\" for=\"wpforms-5406-field_10\">Hangi k\u0131s\u0131mlar\u0131 daha \u00e7ok verimli buldunuz?<\/label><textarea id=\"wpforms-5406-field_10\" class=\"wpforms-field-medium\" name=\"wpforms[fields][10]\" ><\/textarea><\/div><div id=\"wpforms-5406-field_11-container\" class=\"wpforms-field wpforms-field-textarea\" data-field-id=\"11\"><label class=\"wpforms-field-label\" for=\"wpforms-5406-field_11\">Hangi k\u0131s\u0131mlar\u0131n geli\u015ftirilebilir oldu\u011funu d\u00fc\u015f\u00fcn\u00fcyorsunuz?<\/label><textarea id=\"wpforms-5406-field_11\" class=\"wpforms-field-medium\" name=\"wpforms[fields][11]\" ><\/textarea><\/div><div id=\"wpforms-5406-field_15-container\" class=\"wpforms-field wpforms-field-number-slider\" data-field-id=\"15\"><label class=\"wpforms-field-label\" for=\"wpforms-5406-field_15\">E\u011fitmenin e\u011fitimi sunma ve y\u00f6netme becerilerini  0 - 10 aras\u0131 bir \u00f6l\u00e7ekte de\u011ferlendirebilir misiniz? (Zorunlu Alan)<\/label><input\n\ttype=\"range\"\n\tid=\"wpforms-5406-field_15\" class=\"wpforms-field-large\" name=\"wpforms[fields][15]\" value=\"10\"\t\tvalue=\"10\"\n\tmin=\"1\"\n\tmax=\"10\"\n\tstep=\"1\">\n\n<div class=\"wpforms-field-number-slider-hint\"\n\tdata-hint=\"Verilen Puan: {value}\">\n\tVerilen Puan: <b>10<\/b><\/div>\n<\/div><div id=\"wpforms-5406-field_19-container\" class=\"wpforms-field wpforms-field-textarea\" data-field-id=\"19\"><label class=\"wpforms-field-label\" for=\"wpforms-5406-field_19\">E\u011fitmenin e\u011fitimi sunma ve y\u00f6netme becerileri ile ilgili geli\u015ftirilebilir yanlar\u0131 sizce neler olabilir?<\/label><textarea id=\"wpforms-5406-field_19\" class=\"wpforms-field-medium\" name=\"wpforms[fields][19]\" ><\/textarea><\/div><div id=\"wpforms-5406-field_20-container\" class=\"wpforms-field wpforms-field-number-slider\" data-field-id=\"20\"><label class=\"wpforms-field-label\" for=\"wpforms-5406-field_20\">E\u011fitim s\u0131ras\u0131nda genel ortam\u0131 0 - 10 aras\u0131 bir \u00f6l\u00e7ekte de\u011ferlendirir misiniz? (Zorunlu Alan)<\/label><input\n\ttype=\"range\"\n\tid=\"wpforms-5406-field_20\" class=\"wpforms-field-large\" name=\"wpforms[fields][20]\" value=\"10\"\t\tvalue=\"10\"\n\tmin=\"0\"\n\tmax=\"10\"\n\tstep=\"1\">\n\n<div class=\"wpforms-field-number-slider-hint\"\n\tdata-hint=\"Verilen Puan: {value}\">\n\tVerilen Puan: <b>10<\/b><\/div>\n<\/div><div id=\"wpforms-5406-field_22-container\" class=\"wpforms-field wpforms-field-textarea\" data-field-id=\"22\"><label class=\"wpforms-field-label\" for=\"wpforms-5406-field_22\">\u0130lham ve Yetkinlik At\u00f6lyesine Giri\u015f S\u00fcrecinde ve\/veya Ger\u00e7ekle\u015fti\u011fi S\u00fcre\u00e7te Teknik Konuda (Ses, G\u00f6r\u00fcnt\u00fc ve\/veya Platform Kullan\u0131m\u0131) herhangi bir sorun ile kar\u015f\u0131la\u015ft\u0131n\u0131z m\u0131, kar\u015f\u0131la\u015ft\u0131ysan\u0131z bu durumu a\u00e7\u0131klayabilir misiniz?<\/label><textarea id=\"wpforms-5406-field_22\" class=\"wpforms-field-medium\" name=\"wpforms[fields][22]\" ><\/textarea><\/div><div id=\"wpforms-5406-field_23-container\" class=\"wpforms-field wpforms-field-textarea\" data-field-id=\"23\"><label class=\"wpforms-field-label\" for=\"wpforms-5406-field_23\">Y\u00f6nderle Akademi ve Aygaz i\u015f birli\u011finde ger\u00e7ekle\u015ftirilen W-energy For Equal\u0131ty projesi hakk\u0131nda ne d\u00fc\u015f\u00fcn\u00fcyorsunuz?<\/label><textarea id=\"wpforms-5406-field_23\" class=\"wpforms-field-medium\" name=\"wpforms[fields][23]\" ><\/textarea><\/div><div id=\"wpforms-5406-field_25-container\" class=\"wpforms-field wpforms-field-checkbox wpforms-list-inline\" data-field-id=\"25\"><label class=\"wpforms-field-label\" for=\"wpforms-5406-field_25\">Geri bildiriminizin sosyal medya hesaplar\u0131m\u0131zdan ve web sitemiz \u00fczerinden yay\u0131nlanmas\u0131n\u0131 onayl\u0131yor musunuz? <span class=\"wpforms-required-label\">*<\/span><\/label><ul id=\"wpforms-5406-field_25\" class=\"wpforms-field-required\"><li class=\"choice-1 depth-1\"><input type=\"checkbox\" id=\"wpforms-5406-field_25_1\" name=\"wpforms[fields][25][]\" value=\"Evet\" required ><label class=\"wpforms-field-label-inline\" for=\"wpforms-5406-field_25_1\">Evet<\/label><\/li><li class=\"choice-2 depth-1\"><input type=\"checkbox\" id=\"wpforms-5406-field_25_2\" name=\"wpforms[fields][25][]\" value=\"Hay\u0131r\" required ><label class=\"wpforms-field-label-inline\" for=\"wpforms-5406-field_25_2\">Hay\u0131r<\/label><\/li><\/ul><\/div><div id=\"wpforms-5406-field_27-container\" class=\"wpforms-field wpforms-field-checkbox wpforms-list-inline\" data-field-id=\"27\"><label class=\"wpforms-field-label\" for=\"wpforms-5406-field_27\">W-energy For Equal\u0131ty projesinde di\u011fer a\u015famalara devam etmek istiyor musun? <span class=\"wpforms-required-label\">*<\/span><\/label><ul id=\"wpforms-5406-field_27\" class=\"wpforms-field-required\"><li class=\"choice-1 depth-1\"><input type=\"checkbox\" id=\"wpforms-5406-field_27_1\" name=\"wpforms[fields][27][]\" value=\"Evet\" required ><label class=\"wpforms-field-label-inline\" for=\"wpforms-5406-field_27_1\">Evet<\/label><\/li><li class=\"choice-2 depth-1\"><input type=\"checkbox\" id=\"wpforms-5406-field_27_2\" name=\"wpforms[fields][27][]\" value=\"Hay\u0131r\" required ><label class=\"wpforms-field-label-inline\" for=\"wpforms-5406-field_27_2\">Hay\u0131r<\/label><\/li><\/ul><\/div><\/div><div class=\"wpforms-submit-container\" ><input type=\"hidden\" name=\"wpforms[id]\" value=\"5406\"><input type=\"hidden\" name=\"wpforms[author]\" value=\"1\"><button type=\"submit\" name=\"wpforms[submit]\" class=\"wpforms-submit Gnderiliyor\" id=\"wpforms-submit-5406\" value=\"wpforms-submit\" aria-live=\"assertive\" >G\u00f6nder<\/button><\/div><\/form><\/div>  <!-- .wpforms-container -->\t\t<\/div>\n\t\t\t\t<\/div>\n\t\t\t\t\t<\/div>\n\t\t<\/div>\n\t\t\t\t\t\t\t<\/div>\n\t\t<\/section>\n\t\t\t\t\t\t<\/div>\n\t\t\t\t\t<\/div>\n\t\t","protected":false},"excerpt":{"rendered":"","protected":false},"author":1,"featured_media":0,"parent":0,"menu_order":0,"comment_status":"closed","ping_status":"closed","template":"elementor_canvas","meta":{"footnotes":""},"class_list":["post-5407","page","type-page","status-publish","hentry"],"_links":{"self":[{"href":"https:\/\/learneco.co\/odeme\/index.php\/wp-json\/wp\/v2\/pages\/5407","targetHints":{"allow":["GET"]}}],"collection":[{"href":"https:\/\/learneco.co\/odeme\/index.php\/wp-json\/wp\/v2\/pages"}],"about":[{"href":"https:\/\/learneco.co\/odeme\/index.php\/wp-json\/wp\/v2\/types\/page"}],"author":[{"embeddable":true,"href":"https:\/\/learneco.co\/odeme\/index.php\/wp-json\/wp\/v2\/users\/1"}],"replies":[{"embeddable":true,"href":"https:\/\/learneco.co\/odeme\/index.php\/wp-json\/wp\/v2\/comments?post=5407"}],"version-history":[{"count":4,"href":"https:\/\/learneco.co\/odeme\/index.php\/wp-json\/wp\/v2\/pages\/5407\/revisions"}],"predecessor-version":[{"id":5411,"href":"https:\/\/learneco.co\/odeme\/index.php\/wp-json\/wp\/v2\/pages\/5407\/revisions\/5411"}],"wp:attachment":[{"href":"https:\/\/learneco.co\/odeme\/index.php\/wp-json\/wp\/v2\/media?parent=5407"}],"curies":[{"name":"wp","href":"https:\/\/api.w.org\/{rel}","templated":true}]}}