{"id":4510,"date":"2021-05-24T21:54:16","date_gmt":"2021-05-24T18:54:16","guid":{"rendered":"https:\/\/learneco.co\/tema\/?page_id=4510"},"modified":"2025-02-10T22:58:20","modified_gmt":"2025-02-10T19:58:20","slug":"kurumsal","status":"publish","type":"page","link":"https:\/\/learneco.co\/tema\/kurumsal\/","title":{"rendered":"Kurumsal"},"content":{"rendered":"\t\t<div data-elementor-type=\"wp-page\" data-elementor-id=\"4510\" class=\"elementor elementor-4510\" data-elementor-settings=\"[]\">\n\t\t\t\t\t\t<div class=\"elementor-inner\">\n\t\t\t\t\t\t\t<div class=\"elementor-section-wrap\">\n\t\t\t\t\t\t\t<section class=\"elementor-section elementor-top-section elementor-element elementor-element-ab1a174 elementor-section-boxed elementor-section-height-default elementor-section-height-default\" data-id=\"ab1a174\" data-element_type=\"section\">\n\t\t\t\t\t\t<div class=\"elementor-container elementor-column-gap-default\">\n\t\t\t\t\t\t\t<div class=\"elementor-row\">\n\t\t\t\t\t<div class=\"elementor-column elementor-col-100 elementor-top-column elementor-element elementor-element-12b4251\" data-id=\"12b4251\" data-element_type=\"column\">\n\t\t\t<div class=\"elementor-column-wrap elementor-element-populated\">\n\t\t\t\t\t\t\t<div class=\"elementor-widget-wrap\">\n\t\t\t\t\t\t<div class=\"elementor-element elementor-element-484cd18 elementor-widget elementor-widget-xs-heading\" data-id=\"484cd18\" data-element_type=\"widget\" data-widget_type=\"xs-heading.default\">\n\t\t\t\t<div class=\"elementor-widget-container\">\n\t\t\t<div class=\"xs-heading text-center\">\n                <h2 class=\"section-title\">\u00d6\u011frenme \u0130htiya\u00e7lar\u0131n\u0131za Y\u00f6nelik <span><br>Yenilik\u00e7i ve Yarat\u0131c\u0131 \u00c7\u00f6z\u00fcmler Sunuyoruz!<\/h2>\n        <\/div>\t\t<\/div>\n\t\t\t\t<\/div>\n\t\t\t\t\t\t<\/div>\n\t\t\t\t\t<\/div>\n\t\t<\/div>\n\t\t\t\t\t\t\t\t<\/div>\n\t\t\t\t\t<\/div>\n\t\t<\/section>\n\t\t\t\t<section class=\"elementor-section elementor-top-section elementor-element elementor-element-9b05de9 elementor-section-boxed elementor-section-height-default elementor-section-height-default\" data-id=\"9b05de9\" data-element_type=\"section\">\n\t\t\t\t\t\t<div class=\"elementor-container elementor-column-gap-default\">\n\t\t\t\t\t\t\t<div class=\"elementor-row\">\n\t\t\t\t\t<div class=\"elementor-column elementor-col-100 elementor-top-column elementor-element elementor-element-36b7afc\" data-id=\"36b7afc\" data-element_type=\"column\">\n\t\t\t<div class=\"elementor-column-wrap elementor-element-populated\">\n\t\t\t\t\t\t\t<div class=\"elementor-widget-wrap\">\n\t\t\t\t\t\t<div class=\"elementor-element elementor-element-6f965bd elementor-widget elementor-widget-xs-work-process\" data-id=\"6f965bd\" data-element_type=\"widget\" data-widget_type=\"xs-work-process.default\">\n\t\t\t\t<div class=\"elementor-widget-container\">\n\t\t\t<div class=\"work-process-style4\">\n    <div class=\"owl-carousel owl-theme xs-workprocess-slider workprocess-sync2\">\n\n        \n                <div class=\"item xs-selected\">\n                    <p>1. A\u015fama<\/p>\n\n                                            <span class=\"xs-workprocess-water-mark\">1. A\u015fama<\/span>\n                                    <\/div>\n\n                \n                <div class=\"item \">\n                    <p>2. A\u015fama<\/p>\n\n                                            <span class=\"xs-workprocess-water-mark\">2. A\u015fama<\/span>\n                                    <\/div>\n\n                \n                <div class=\"item \">\n                    <p>3. A\u015fama<\/p>\n\n                                            <span class=\"xs-workprocess-water-mark\">3. A\u015fama<\/span>\n                                    <\/div>\n\n                \n                <div class=\"item \">\n                    <p>4. A\u015fama<\/p>\n\n                                            <span class=\"xs-workprocess-water-mark\">4. A\u015fama<\/span>\n                                    <\/div>\n\n                \n    <\/div>\n\n    <div class=\"owl-carousel owl-theme xs-workprocess-posts workprocess-sync1\">\n        \n                <div class=\"item\">\n                    <h3>\u00d6n Test<\/h3>\n                    <p>\u00d6n Testlerimiz ile Kapsaml\u0131 Bir \u015eekilde \u0130htiya\u00e7lar\u0131n\u0131z\u0131 Belirliyoruz!<\/p>\n                <\/div>\n\n            \n                <div class=\"item\">\n                    <h3>\u00d6\u011frenme Tasar\u0131m\u0131<\/h3>\n                    <p>\u0130htiya\u00e7lar\u0131n\u0131za en uygun yakla\u015f\u0131m\u0131 benimseyip yenilik\u00e7i \u00f6\u011frenme s\u00fcre\u00e7leri tasarl\u0131yoruz.<\/p>\n                <\/div>\n\n            \n                <div class=\"item\">\n                    <h3>Tasar\u0131m Uygulamas\u0131<\/h3>\n                    <p>Tasarlad\u0131\u011f\u0131m\u0131z \u00f6\u011frenme s\u00fcre\u00e7lerini en yarat\u0131c\u0131 ve en e\u011flenceli \u015fekilde uyguluyoruz.<\/p>\n                <\/div>\n\n            \n                <div class=\"item\">\n                    <h3>Son Test<\/h3>\n                    <p>Son De\u011ferlendirme Testlerimiz ile b\u00fct\u00fcn s\u00fcreci ayr\u0131nt\u0131l\u0131 bir \u015fekilde raporluyoruz.<\/p>\n                <\/div>\n\n                <\/div>\n<\/div>\t\t<\/div>\n\t\t\t\t<\/div>\n\t\t\t\t\t\t<\/div>\n\t\t\t\t\t<\/div>\n\t\t<\/div>\n\t\t\t\t\t\t\t\t<\/div>\n\t\t\t\t\t<\/div>\n\t\t<\/section>\n\t\t\t\t<section class=\"elementor-section elementor-top-section elementor-element elementor-element-cb988a7 elementor-section-boxed elementor-section-height-default elementor-section-height-default\" data-id=\"cb988a7\" data-element_type=\"section\" data-settings=\"{&quot;background_background&quot;:&quot;classic&quot;}\">\n\t\t\t\t\t\t<div class=\"elementor-container elementor-column-gap-default\">\n\t\t\t\t\t\t\t<div class=\"elementor-row\">\n\t\t\t\t\t<div class=\"elementor-column elementor-col-100 elementor-top-column elementor-element elementor-element-4f3087e\" data-id=\"4f3087e\" data-element_type=\"column\">\n\t\t\t<div class=\"elementor-column-wrap elementor-element-populated\">\n\t\t\t\t\t\t\t<div class=\"elementor-widget-wrap\">\n\t\t\t\t\t\t<div class=\"elementor-element elementor-element-aaebc05 elementor-widget elementor-widget-xs-heading\" data-id=\"aaebc05\" data-element_type=\"widget\" data-widget_type=\"xs-heading.default\">\n\t\t\t\t<div class=\"elementor-widget-container\">\n\t\t\t<div class=\"xs-heading text-center\">\n                <h2 class=\"section-title\">Sizlerle <span>Hangi Alanlarda<\/span> \u00c7al\u0131\u015fabiliriz?<\/h2>\n        <\/div>\t\t<\/div>\n\t\t\t\t<\/div>\n\t\t\t\t<section class=\"elementor-section elementor-inner-section elementor-element elementor-element-4f18915 elementor-section-boxed elementor-section-height-default elementor-section-height-default\" data-id=\"4f18915\" data-element_type=\"section\">\n\t\t\t\t\t\t<div class=\"elementor-container elementor-column-gap-default\">\n\t\t\t\t\t\t\t<div class=\"elementor-row\">\n\t\t\t\t\t<div class=\"elementor-column elementor-col-33 elementor-inner-column elementor-element elementor-element-be43a2b\" data-id=\"be43a2b\" data-element_type=\"column\" data-settings=\"{&quot;background_background&quot;:&quot;classic&quot;}\">\n\t\t\t<div class=\"elementor-column-wrap elementor-element-populated\">\n\t\t\t\t\t\t\t<div class=\"elementor-widget-wrap\">\n\t\t\t\t\t\t<div class=\"elementor-element elementor-element-cfe6027 elementor-widget elementor-widget-xs-image-box\" data-id=\"cfe6027\" data-element_type=\"widget\" data-widget_type=\"xs-image-box.default\">\n\t\t\t\t<div class=\"elementor-widget-container\">\n\t\t\t\n            <div class=\"why-choose-us-block wow fadeInUp\">\n\n                <div class=\"choose-us-img\">\n\n                    <img width=\"100\" height=\"100\" src=\"https:\/\/learneco.co\/tema\/wp-content\/uploads\/2021\/06\/ana-sayfa-3.png\" class=\"attachment-full size-full\" alt=\"\" loading=\"lazy\" \/>\n                <\/div>\n\n                <h4 class=\"xs-content-title\">Fark Yaratan At\u00f6lyeler<\/h4>\n\n                <p>Kariyer yolculuklar\u0131nda ba\u015far\u0131y\u0131 yakalamak isteyen bireylerin kendilerini geli\u015ftirebilmeleri i\u00e7in bir\u00e7ok alanda fark yaratan at\u00f6lyeler d\u00fczenleyerek geli\u015fimlerine katk\u0131 sa\u011fl\u0131yoruz.<\/p>\n\n\n\n                \n\n\n                    <div class=\"seocify-image-box-footer\">\n\n                        <a href=\"#\" target=\"_blank\" rel=\"nofollow\" class=\"btn btn-imagebox-footer\">\n\n                            \n                                <i class=\"icon icon-plus-circle\"><\/i>\n\n                            \n                        <\/a>\n\n                    <\/div>\n\n\n\n                \n            <\/div>\n\n        \t\t<\/div>\n\t\t\t\t<\/div>\n\t\t\t\t\t\t<\/div>\n\t\t\t\t\t<\/div>\n\t\t<\/div>\n\t\t\t\t<div class=\"elementor-column elementor-col-33 elementor-inner-column elementor-element elementor-element-02ea1ae\" data-id=\"02ea1ae\" data-element_type=\"column\">\n\t\t\t<div class=\"elementor-column-wrap elementor-element-populated\">\n\t\t\t\t\t\t\t<div class=\"elementor-widget-wrap\">\n\t\t\t\t\t\t<div class=\"elementor-element elementor-element-29da31c elementor-widget elementor-widget-xs-image-box\" data-id=\"29da31c\" data-element_type=\"widget\" data-widget_type=\"xs-image-box.default\">\n\t\t\t\t<div class=\"elementor-widget-container\">\n\t\t\t\n            <div class=\"why-choose-us-block wow fadeInUp\">\n\n                <div class=\"choose-us-img\">\n\n                    <img width=\"100\" height=\"100\" src=\"https:\/\/learneco.co\/tema\/wp-content\/uploads\/2021\/06\/ana-sayfa-2.png\" class=\"attachment-full size-full\" alt=\"\" loading=\"lazy\" \/>\n                <\/div>\n\n                <h4 class=\"xs-content-title\">Geli\u015fim Programlar\u0131<\/h4>\n\n                <p>Deneyimsel \u00f6\u011frenme ve oyunla\u015ft\u0131rma modeliyle kurgulanm\u0131\u015f geli\u015fim programlar\u0131 ile yetkinliklerinizi geli\u015ftiriyor, sizlere ilham ve fark\u0131ndal\u0131k kayna\u011f\u0131 oluyoruz.<\/p>\n\n\n\n                \n\n\n                    <div class=\"seocify-image-box-footer\">\n\n                        <a class=\"btn btn-imagebox-footer\">\n\n                            \n                                <i class=\"icon icon-plus-circle\"><\/i>\n\n                            \n                        <\/a>\n\n                    <\/div>\n\n\n\n                \n            <\/div>\n\n        \t\t<\/div>\n\t\t\t\t<\/div>\n\t\t\t\t\t\t<\/div>\n\t\t\t\t\t<\/div>\n\t\t<\/div>\n\t\t\t\t<div class=\"elementor-column elementor-col-33 elementor-inner-column elementor-element elementor-element-4ef01ac\" data-id=\"4ef01ac\" data-element_type=\"column\">\n\t\t\t<div class=\"elementor-column-wrap elementor-element-populated\">\n\t\t\t\t\t\t\t<div class=\"elementor-widget-wrap\">\n\t\t\t\t\t\t<div class=\"elementor-element elementor-element-cb45515 elementor-widget elementor-widget-xs-image-box\" data-id=\"cb45515\" data-element_type=\"widget\" data-widget_type=\"xs-image-box.default\">\n\t\t\t\t<div class=\"elementor-widget-container\">\n\t\t\t\n            <div class=\"why-choose-us-block wow fadeInUp\">\n\n                <div class=\"choose-us-img\">\n\n                    <img width=\"100\" height=\"100\" src=\"https:\/\/learneco.co\/tema\/wp-content\/uploads\/2021\/06\/bizi-biz-4.png\" class=\"attachment-full size-full\" alt=\"\" loading=\"lazy\" \/>\n                <\/div>\n\n                <h4 class=\"xs-content-title\">Networking At\u00f6lyeleri<\/h4>\n\n                <p>Kurumunuzdaki bireylerin kendi aralar\u0131ndaki ileti\u015fimini ve geli\u015fimini art\u0131rman\u0131z amac\u0131yla networking at\u00f6lyeleri d\u00fczenliyoruz.\n\n<\/p>\n\n\n\n                \n\n\n                    <div class=\"seocify-image-box-footer\">\n\n                        <a class=\"btn btn-imagebox-footer\">\n\n                            \n                                <i class=\"icon icon-plus-circle\"><\/i>\n\n                            \n                        <\/a>\n\n                    <\/div>\n\n\n\n                \n            <\/div>\n\n        \t\t<\/div>\n\t\t\t\t<\/div>\n\t\t\t\t\t\t<\/div>\n\t\t\t\t\t<\/div>\n\t\t<\/div>\n\t\t\t\t\t\t\t\t<\/div>\n\t\t\t\t\t<\/div>\n\t\t<\/section>\n\t\t\t\t<section class=\"elementor-section elementor-inner-section elementor-element elementor-element-104f37c elementor-section-boxed elementor-section-height-default elementor-section-height-default\" data-id=\"104f37c\" data-element_type=\"section\">\n\t\t\t\t\t\t<div class=\"elementor-container elementor-column-gap-default\">\n\t\t\t\t\t\t\t<div class=\"elementor-row\">\n\t\t\t\t\t<div class=\"elementor-column elementor-col-33 elementor-inner-column elementor-element elementor-element-7640277\" data-id=\"7640277\" data-element_type=\"column\" data-settings=\"{&quot;background_background&quot;:&quot;classic&quot;}\">\n\t\t\t<div class=\"elementor-column-wrap elementor-element-populated\">\n\t\t\t\t\t\t\t<div class=\"elementor-widget-wrap\">\n\t\t\t\t\t\t<div class=\"elementor-element elementor-element-dc551f7 elementor-widget elementor-widget-xs-image-box\" data-id=\"dc551f7\" data-element_type=\"widget\" data-widget_type=\"xs-image-box.default\">\n\t\t\t\t<div class=\"elementor-widget-container\">\n\t\t\t\n            <div class=\"why-choose-us-block wow fadeInUp\">\n\n                <div class=\"choose-us-img\">\n\n                    <img width=\"100\" height=\"100\" src=\"https:\/\/learneco.co\/tema\/wp-content\/uploads\/2021\/06\/ana-sayfa-1.png\" class=\"attachment-full size-full\" alt=\"\" loading=\"lazy\" \/>\n                <\/div>\n\n                <h4 class=\"xs-content-title\">E\u011fitmen E\u011fitimi<\/h4>\n\n                <p>Kurumunuzun kendi e\u011fitmenlerini yeti\u015ftirmesini sa\u011flamak amac\u0131yla deneyimsel \u00f6\u011frenme modeli e\u015fli\u011finde haz\u0131rlanm\u0131\u015f e\u011fitmen e\u011fitimi programlar\u0131 d\u00fczenliyoruz.<\/p>\n\n\n\n                \n\n\n                    <div class=\"seocify-image-box-footer\">\n\n                        <a href=\"#\" target=\"_blank\" rel=\"nofollow\" class=\"btn btn-imagebox-footer\">\n\n                            \n                                <i class=\"icon icon-plus-circle\"><\/i>\n\n                            \n                        <\/a>\n\n                    <\/div>\n\n\n\n                \n            <\/div>\n\n        \t\t<\/div>\n\t\t\t\t<\/div>\n\t\t\t\t\t\t<\/div>\n\t\t\t\t\t<\/div>\n\t\t<\/div>\n\t\t\t\t<div class=\"elementor-column elementor-col-33 elementor-inner-column elementor-element elementor-element-429efbd\" data-id=\"429efbd\" data-element_type=\"column\">\n\t\t\t<div class=\"elementor-column-wrap elementor-element-populated\">\n\t\t\t\t\t\t\t<div class=\"elementor-widget-wrap\">\n\t\t\t\t\t\t<div class=\"elementor-element elementor-element-cc73eaa elementor-widget elementor-widget-xs-image-box\" data-id=\"cc73eaa\" data-element_type=\"widget\" data-widget_type=\"xs-image-box.default\">\n\t\t\t\t<div class=\"elementor-widget-container\">\n\t\t\t\n            <div class=\"why-choose-us-block wow fadeInUp\">\n\n                <div class=\"choose-us-img\">\n\n                    <img width=\"100\" height=\"100\" src=\"https:\/\/learneco.co\/tema\/wp-content\/uploads\/2021\/06\/kurumsal-1.png\" class=\"attachment-full size-full\" alt=\"\" loading=\"lazy\" \/>\n                <\/div>\n\n                <h4 class=\"xs-content-title\">\u0130zleme\/De\u011ferlendirme<\/h4>\n\n                <p>Deneyimsel \u00f6\u011frenme ve oyunla\u015ft\u0131rma modeliyle kurgulanm\u0131\u015f geli\u015fim programlar\u0131 ile yetkinliklerinizi geli\u015ftiriyor, sizlere ilham ve fark\u0131ndal\u0131k kayna\u011f\u0131 oluyoruz.<\/p>\n\n\n\n                \n\n\n                    <div class=\"seocify-image-box-footer\">\n\n                        <a class=\"btn btn-imagebox-footer\">\n\n                            \n                                <i class=\"icon icon-plus-circle\"><\/i>\n\n                            \n                        <\/a>\n\n                    <\/div>\n\n\n\n                \n            <\/div>\n\n        \t\t<\/div>\n\t\t\t\t<\/div>\n\t\t\t\t\t\t<\/div>\n\t\t\t\t\t<\/div>\n\t\t<\/div>\n\t\t\t\t<div class=\"elementor-column elementor-col-33 elementor-inner-column elementor-element elementor-element-cc17b08\" data-id=\"cc17b08\" data-element_type=\"column\">\n\t\t\t<div class=\"elementor-column-wrap elementor-element-populated\">\n\t\t\t\t\t\t\t<div class=\"elementor-widget-wrap\">\n\t\t\t\t\t\t<div class=\"elementor-element elementor-element-cd99839 elementor-widget elementor-widget-xs-image-box\" data-id=\"cd99839\" data-element_type=\"widget\" data-widget_type=\"xs-image-box.default\">\n\t\t\t\t<div class=\"elementor-widget-container\">\n\t\t\t\n            <div class=\"why-choose-us-block wow fadeInUp\">\n\n                <div class=\"choose-us-img\">\n\n                    <img width=\"100\" height=\"100\" src=\"https:\/\/learneco.co\/tema\/wp-content\/uploads\/2021\/06\/kurumsal-2.png\" class=\"attachment-full size-full\" alt=\"\" loading=\"lazy\" \/>\n                <\/div>\n\n                <h4 class=\"xs-content-title\">\u0130\u00e7erik K\u00fcrasyonu<\/h4>\n\n                <p>At\u00f6lyelerimiz sonras\u0131nda da sizlere destek verebilmek, geli\u015fiminizi s\u00fcrd\u00fcrebilmek i\u00e7in sizlere \u00f6zel yaz\u0131l\u0131 ve s\u00f6zl\u00fc i\u00e7erikler \u00fcretiyoruz.\n<\/p>\n\n\n\n                \n\n\n                    <div class=\"seocify-image-box-footer\">\n\n                        <a class=\"btn btn-imagebox-footer\">\n\n                            \n                                <i class=\"icon icon-plus-circle\"><\/i>\n\n                            \n                        <\/a>\n\n                    <\/div>\n\n\n\n                \n            <\/div>\n\n        \t\t<\/div>\n\t\t\t\t<\/div>\n\t\t\t\t\t\t<\/div>\n\t\t\t\t\t<\/div>\n\t\t<\/div>\n\t\t\t\t\t\t\t\t<\/div>\n\t\t\t\t\t<\/div>\n\t\t<\/section>\n\t\t\t\t\t\t<\/div>\n\t\t\t\t\t<\/div>\n\t\t<\/div>\n\t\t\t\t\t\t\t\t<\/div>\n\t\t\t\t\t<\/div>\n\t\t<\/section>\n\t\t\t\t<section class=\"elementor-section elementor-top-section elementor-element elementor-element-29eff36 elementor-section-boxed elementor-section-height-default elementor-section-height-default\" data-id=\"29eff36\" data-element_type=\"section\">\n\t\t\t\t\t\t<div class=\"elementor-container elementor-column-gap-default\">\n\t\t\t\t\t\t\t<div class=\"elementor-row\">\n\t\t\t\t\t<div class=\"elementor-column elementor-col-100 elementor-top-column elementor-element elementor-element-51fe81d\" data-id=\"51fe81d\" data-element_type=\"column\">\n\t\t\t<div class=\"elementor-column-wrap elementor-element-populated\">\n\t\t\t\t\t\t\t<div class=\"elementor-widget-wrap\">\n\t\t\t\t\t\t<div class=\"elementor-element elementor-element-85f557c elementor-widget elementor-widget-xs-heading\" data-id=\"85f557c\" data-element_type=\"widget\" data-widget_type=\"xs-heading.default\">\n\t\t\t\t<div class=\"elementor-widget-container\">\n\t\t\t<div class=\"xs-heading text-center\">\n                <h2 class=\"section-title\">E\u011fitim <span>Talep Edin!<\/span><\/h2>\n        <\/div>\t\t<\/div>\n\t\t\t\t<\/div>\n\t\t\t\t<div class=\"elementor-element elementor-element-089ffee elementor-widget elementor-widget-html\" data-id=\"089ffee\" data-element_type=\"widget\" data-widget_type=\"html.default\">\n\t\t\t\t<div class=\"elementor-widget-container\">\n\t\t\t<script>\r\n    function resizeIframe(obj) {\r\n        obj.style.height = obj.contentWindow.document.documentElement.scrollHeight + 'px';\r\n    }\r\n<\/script>\r\n<iframe src=\"https:\/\/learneco.co\/odeme\/index.php\/kurumsal\/\" frameborder=\"0\" scrolling=\"no\" onload=\"resizeIframe(this)\">\r\n<\/iframe>\t\t<\/div>\n\t\t\t\t<\/div>\n\t\t\t\t\t\t<\/div>\n\t\t\t\t\t<\/div>\n\t\t<\/div>\n\t\t\t\t\t\t\t\t<\/div>\n\t\t\t\t\t<\/div>\n\t\t<\/section>\n\t\t\t\t\t\t<\/div>\n\t\t\t\t\t\t<\/div>\n\t\t\t\t\t<\/div>\n\t\t","protected":false},"excerpt":{"rendered":"<p>\u00d6\u011frenme \u0130htiya\u00e7lar\u0131n\u0131za Y\u00f6nelik Yenilik\u00e7i ve Yarat\u0131c\u0131 \u00c7\u00f6z\u00fcmler Sunuyoruz! 1. A\u015fama 1. A\u015fama 2. A\u015fama 2. A\u015fama 3. A\u015fama 3. A\u015fama 4. A\u015fama 4. A\u015fama \u00d6n Test \u00d6n Testlerimiz ile Kapsaml\u0131 Bir \u015eekilde \u0130htiya\u00e7lar\u0131n\u0131z\u0131 Belirliyoruz! \u00d6\u011frenme Tasar\u0131m\u0131 \u0130htiya\u00e7lar\u0131n\u0131za en uygun yakla\u015f\u0131m\u0131 benimseyip yenilik\u00e7i \u00f6\u011frenme s\u00fcre\u00e7leri tasarl\u0131yoruz. Tasar\u0131m Uygulamas\u0131 Tasarlad\u0131\u011f\u0131m\u0131z \u00f6\u011frenme s\u00fcre\u00e7lerini en yarat\u0131c\u0131 ve en e\u011flenceli [&hellip;]<\/p>\n","protected":false},"author":1,"featured_media":0,"parent":0,"menu_order":0,"comment_status":"closed","ping_status":"closed","template":"elementor_canvas","meta":[],"_links":{"self":[{"href":"https:\/\/learneco.co\/tema\/wp-json\/wp\/v2\/pages\/4510"}],"collection":[{"href":"https:\/\/learneco.co\/tema\/wp-json\/wp\/v2\/pages"}],"about":[{"href":"https:\/\/learneco.co\/tema\/wp-json\/wp\/v2\/types\/page"}],"author":[{"embeddable":true,"href":"https:\/\/learneco.co\/tema\/wp-json\/wp\/v2\/users\/1"}],"replies":[{"embeddable":true,"href":"https:\/\/learneco.co\/tema\/wp-json\/wp\/v2\/comments?post=4510"}],"version-history":[{"count":61,"href":"https:\/\/learneco.co\/tema\/wp-json\/wp\/v2\/pages\/4510\/revisions"}],"predecessor-version":[{"id":5082,"href":"https:\/\/learneco.co\/tema\/wp-json\/wp\/v2\/pages\/4510\/revisions\/5082"}],"wp:attachment":[{"href":"https:\/\/learneco.co\/tema\/wp-json\/wp\/v2\/media?parent=4510"}],"curies":[{"name":"wp","href":"https:\/\/api.w.org\/{rel}","templated":true}]}}